{"id":698,"date":"2025-02-18T20:50:03","date_gmt":"2025-02-18T19:50:03","guid":{"rendered":"https:\/\/oneos.fr\/?post_type=product&#038;p=698"},"modified":"2025-02-18T20:50:05","modified_gmt":"2025-02-18T19:50:05","slug":"meuble-tv-fait-main-acier-noir-mat-chene-brut-satine","status":"publish","type":"product","link":"https:\/\/oneos.fr\/index.php\/produit\/meuble-tv-fait-main-acier-noir-mat-chene-brut-satine\/","title":{"rendered":"Meuble TV fait main &#8211; Acier noir mat &#038; Ch\u00eane brut satin\u00e9"},"content":{"rendered":"<p>Meuble de salon style industriel fait main avec des mat\u00e9riaux locaux.<\/p>\n<p>Plateau unique de ch\u00eane brut 160cm x 38cm finition sombre et satin\u00e9e.<\/p>\n<p>Structure m\u00e9tallique soud\u00e9e aspect noir mat avec range-fils \u00e0 l&#8217;arri\u00e8re.<\/p>\n<p>Plateaux interm\u00e9diaires en ch\u00eane local pour tous vos \u00e9quipements hi-fi et vid\u00e9o.<\/p>\n<p>&nbsp;<\/p>\n","protected":false},"excerpt":{"rendered":"<p>Meuble t\u00e9l\u00e9vision haut de gamme, de grande taille et 100% fait main en mat\u00e9riaux nobles et durables. Acier noir mat et ch\u00eane brut satin\u00e9.<\/p>\n","protected":false},"featured_media":699,"comment_status":"open","ping_status":"closed","template":"","meta":{"ocean_post_layout":"","ocean_both_sidebars_style":"","ocean_both_sidebars_content_width":0,"ocean_both_sidebars_sidebars_width":0,"ocean_sidebar":"0","ocean_second_sidebar":"0","ocean_disable_margins":"enable","ocean_add_body_class":"","ocean_shortcode_before_top_bar":"","ocean_shortcode_after_top_bar":"","ocean_shortcode_before_header":"","ocean_shortcode_after_header":"","ocean_has_shortcode":"","ocean_shortcode_after_title":"","ocean_shortcode_before_footer_widgets":"","ocean_shortcode_after_footer_widgets":"","ocean_shortcode_before_footer_bottom":"","ocean_shortcode_after_footer_bottom":"","ocean_display_top_bar":"default","ocean_display_header":"default","ocean_header_style":"","ocean_center_header_left_menu":"0","ocean_custom_header_template":"0","ocean_custom_logo":0,"ocean_custom_retina_logo":0,"ocean_custom_logo_max_width":0,"ocean_custom_logo_tablet_max_width":0,"ocean_custom_logo_mobile_max_width":0,"ocean_custom_logo_max_height":0,"ocean_custom_logo_tablet_max_height":0,"ocean_custom_logo_mobile_max_height":0,"ocean_header_custom_menu":"0","ocean_menu_typo_font_family":"0","ocean_menu_typo_font_subset":"","ocean_menu_typo_font_size":0,"ocean_menu_typo_font_size_tablet":0,"ocean_menu_typo_font_size_mobile":0,"ocean_menu_typo_font_size_unit":"px","ocean_menu_typo_font_weight":"","ocean_menu_typo_font_weight_tablet":"","ocean_menu_typo_font_weight_mobile":"","ocean_menu_typo_transform":"","ocean_menu_typo_transform_tablet":"","ocean_menu_typo_transform_mobile":"","ocean_menu_typo_line_height":0,"ocean_menu_typo_line_height_tablet":0,"ocean_menu_typo_line_height_mobile":0,"ocean_menu_typo_line_height_unit":"","ocean_menu_typo_spacing":0,"ocean_menu_typo_spacing_tablet":0,"ocean_menu_typo_spacing_mobile":0,"ocean_menu_typo_spacing_unit":"","ocean_menu_link_color":"","ocean_menu_link_color_hover":"","ocean_menu_link_color_active":"","ocean_menu_link_background":"","ocean_menu_link_hover_background":"","ocean_menu_link_active_background":"","ocean_menu_social_links_bg":"","ocean_menu_social_hover_links_bg":"","ocean_menu_social_links_color":"","ocean_menu_social_hover_links_color":"","ocean_disable_title":"default","ocean_disable_heading":"default","ocean_post_title":"","ocean_post_subheading":"","ocean_post_title_style":"","ocean_post_title_background_color":"","ocean_post_title_background":0,"ocean_post_title_bg_image_position":"","ocean_post_title_bg_image_attachment":"","ocean_post_title_bg_image_repeat":"","ocean_post_title_bg_image_size":"","ocean_post_title_height":0,"ocean_post_title_bg_overlay":0.5,"ocean_post_title_bg_overlay_color":"","ocean_disable_breadcrumbs":"default","ocean_breadcrumbs_color":"","ocean_breadcrumbs_separator_color":"","ocean_breadcrumbs_links_color":"","ocean_breadcrumbs_links_hover_color":"","ocean_display_footer_widgets":"default","ocean_display_footer_bottom":"default","ocean_custom_footer_template":"0"},"product_cat":[20],"product_tag":[41,79,30,78,28,75,76,77],"class_list":{"0":"post-698","1":"product","2":"type-product","3":"status-publish","4":"has-post-thumbnail","6":"product_cat-atelier","7":"product_tag-chene","8":"product_tag-eco-responsable","9":"product_tag-fait-main","10":"product_tag-local","11":"product_tag-metal","12":"product_tag-meuble-tv","13":"product_tag-noir-mat","14":"product_tag-satine","16":"entry","17":"has-media","19":"first","20":"outofstock","21":"purchasable","22":"product-type-simple","23":"has-product-nav","24":"col","25":"span_1_of_3","26":"owp-content-center","27":"owp-thumbs-layout-horizontal","28":"owp-btn-normal","29":"owp-tabs-layout-horizontal"},"yoast_head":"<!-- This site is optimized with the Yoast SEO plugin v23.4 - https:\/\/yoast.com\/wordpress\/plugins\/seo\/ -->\n<title>Meuble TV fait main - Acier noir mat &amp; Ch\u00eane brut satin\u00e9 - On\u00e9os<\/title>\n<meta name=\"description\" content=\"Meuble t\u00e9l\u00e9vision haut de gamme, de grande taille et 100% fait main en mat\u00e9riaux nobles et durables. Acier noir mat et ch\u00eane brut satin\u00e9.\" \/>\n<meta name=\"robots\" content=\"index, follow, max-snippet:-1, max-image-preview:large, max-video-preview:-1\" \/>\n<link rel=\"canonical\" href=\"https:\/\/oneos.fr\/index.php\/produit\/meuble-tv-fait-main-acier-noir-mat-chene-brut-satine\/\" \/>\n<meta property=\"og:locale\" content=\"fr_FR\" \/>\n<meta property=\"og:type\" content=\"article\" \/>\n<meta property=\"og:title\" content=\"Meuble TV fait main - Acier noir mat &amp; Ch\u00eane brut satin\u00e9 - On\u00e9os\" \/>\n<meta property=\"og:description\" content=\"Meuble t\u00e9l\u00e9vision haut de gamme, de grande taille et 100% fait main en mat\u00e9riaux nobles et durables. Acier noir mat et ch\u00eane brut satin\u00e9.\" \/>\n<meta property=\"og:url\" content=\"https:\/\/oneos.fr\/index.php\/produit\/meuble-tv-fait-main-acier-noir-mat-chene-brut-satine\/\" \/>\n<meta property=\"og:site_name\" content=\"On\u00e9os\" \/>\n<meta property=\"article:publisher\" content=\"https:\/\/www.facebook.com\/fb.oneos\" \/>\n<meta property=\"article:modified_time\" content=\"2025-02-18T19:50:05+00:00\" \/>\n<meta property=\"og:image\" content=\"https:\/\/oneos.fr\/wp-content\/uploads\/2025\/02\/WhatsApp-Image-2025-02-07-at-18.40.25.jpeg\" \/>\n\t<meta property=\"og:image:width\" content=\"1536\" \/>\n\t<meta property=\"og:image:height\" content=\"2048\" \/>\n\t<meta property=\"og:image:type\" content=\"image\/jpeg\" \/>\n<meta name=\"twitter:card\" content=\"summary_large_image\" \/>\n<meta name=\"twitter:label1\" content=\"Dur\u00e9e de lecture estim\u00e9e\" \/>\n\t<meta name=\"twitter:data1\" content=\"1 minute\" \/>\n<script type=\"application\/ld+json\" class=\"yoast-schema-graph\">{\"@context\":\"https:\/\/schema.org\",\"@graph\":[{\"@type\":\"WebPage\",\"@id\":\"https:\/\/oneos.fr\/index.php\/produit\/meuble-tv-fait-main-acier-noir-mat-chene-brut-satine\/\",\"url\":\"https:\/\/oneos.fr\/index.php\/produit\/meuble-tv-fait-main-acier-noir-mat-chene-brut-satine\/\",\"name\":\"Meuble TV fait main - Acier noir mat & Ch\u00eane brut satin\u00e9 - On\u00e9os\",\"isPartOf\":{\"@id\":\"https:\/\/oneos.fr\/#website\"},\"primaryImageOfPage\":{\"@id\":\"https:\/\/oneos.fr\/index.php\/produit\/meuble-tv-fait-main-acier-noir-mat-chene-brut-satine\/#primaryimage\"},\"image\":{\"@id\":\"https:\/\/oneos.fr\/index.php\/produit\/meuble-tv-fait-main-acier-noir-mat-chene-brut-satine\/#primaryimage\"},\"thumbnailUrl\":\"https:\/\/i0.wp.com\/oneos.fr\/wp-content\/uploads\/2025\/02\/WhatsApp-Image-2025-02-07-at-18.40.25.jpeg?fit=1536%2C2048&ssl=1\",\"datePublished\":\"2025-02-18T19:50:03+00:00\",\"dateModified\":\"2025-02-18T19:50:05+00:00\",\"description\":\"Meuble t\u00e9l\u00e9vision haut de gamme, de grande taille et 100% fait main en mat\u00e9riaux nobles et durables. Acier noir mat et ch\u00eane brut satin\u00e9.\",\"breadcrumb\":{\"@id\":\"https:\/\/oneos.fr\/index.php\/produit\/meuble-tv-fait-main-acier-noir-mat-chene-brut-satine\/#breadcrumb\"},\"inLanguage\":\"fr-FR\",\"potentialAction\":[{\"@type\":\"ReadAction\",\"target\":[\"https:\/\/oneos.fr\/index.php\/produit\/meuble-tv-fait-main-acier-noir-mat-chene-brut-satine\/\"]}]},{\"@type\":\"ImageObject\",\"inLanguage\":\"fr-FR\",\"@id\":\"https:\/\/oneos.fr\/index.php\/produit\/meuble-tv-fait-main-acier-noir-mat-chene-brut-satine\/#primaryimage\",\"url\":\"https:\/\/i0.wp.com\/oneos.fr\/wp-content\/uploads\/2025\/02\/WhatsApp-Image-2025-02-07-at-18.40.25.jpeg?fit=1536%2C2048&ssl=1\",\"contentUrl\":\"https:\/\/i0.wp.com\/oneos.fr\/wp-content\/uploads\/2025\/02\/WhatsApp-Image-2025-02-07-at-18.40.25.jpeg?fit=1536%2C2048&ssl=1\",\"width\":1536,\"height\":2048,\"caption\":\"meuble tv ch\u00eane brut et m\u00e9tal\"},{\"@type\":\"BreadcrumbList\",\"@id\":\"https:\/\/oneos.fr\/index.php\/produit\/meuble-tv-fait-main-acier-noir-mat-chene-brut-satine\/#breadcrumb\",\"itemListElement\":[{\"@type\":\"ListItem\",\"position\":1,\"name\":\"Accueil\",\"item\":\"https:\/\/oneos.fr\/\"},{\"@type\":\"ListItem\",\"position\":2,\"name\":\"Boutique\",\"item\":\"https:\/\/oneos.fr\/index.php\/boutique\/\"},{\"@type\":\"ListItem\",\"position\":3,\"name\":\"Meuble TV fait main &#8211; Acier noir mat &#038; Ch\u00eane brut satin\u00e9\"}]},{\"@type\":\"WebSite\",\"@id\":\"https:\/\/oneos.fr\/#website\",\"url\":\"https:\/\/oneos.fr\/\",\"name\":\"On\u00e9os\",\"description\":\"\",\"potentialAction\":[{\"@type\":\"SearchAction\",\"target\":{\"@type\":\"EntryPoint\",\"urlTemplate\":\"https:\/\/oneos.fr\/?s={search_term_string}\"},\"query-input\":{\"@type\":\"PropertyValueSpecification\",\"valueRequired\":true,\"valueName\":\"search_term_string\"}}],\"inLanguage\":\"fr-FR\"}]}<\/script>\n<!-- \/ Yoast SEO plugin. -->","yoast_head_json":{"title":"Meuble TV fait main - Acier noir mat & Ch\u00eane brut satin\u00e9 - On\u00e9os","description":"Meuble t\u00e9l\u00e9vision haut de gamme, de grande taille et 100% fait main en mat\u00e9riaux nobles et durables. Acier noir mat et ch\u00eane brut satin\u00e9.","robots":{"index":"index","follow":"follow","max-snippet":"max-snippet:-1","max-image-preview":"max-image-preview:large","max-video-preview":"max-video-preview:-1"},"canonical":"https:\/\/oneos.fr\/index.php\/produit\/meuble-tv-fait-main-acier-noir-mat-chene-brut-satine\/","og_locale":"fr_FR","og_type":"article","og_title":"Meuble TV fait main - Acier noir mat & Ch\u00eane brut satin\u00e9 - On\u00e9os","og_description":"Meuble t\u00e9l\u00e9vision haut de gamme, de grande taille et 100% fait main en mat\u00e9riaux nobles et durables. Acier noir mat et ch\u00eane brut satin\u00e9.","og_url":"https:\/\/oneos.fr\/index.php\/produit\/meuble-tv-fait-main-acier-noir-mat-chene-brut-satine\/","og_site_name":"On\u00e9os","article_publisher":"https:\/\/www.facebook.com\/fb.oneos","article_modified_time":"2025-02-18T19:50:05+00:00","og_image":[{"width":1536,"height":2048,"url":"https:\/\/oneos.fr\/wp-content\/uploads\/2025\/02\/WhatsApp-Image-2025-02-07-at-18.40.25.jpeg","type":"image\/jpeg"}],"twitter_card":"summary_large_image","twitter_misc":{"Dur\u00e9e de lecture estim\u00e9e":"1 minute"},"schema":{"@context":"https:\/\/schema.org","@graph":[{"@type":"WebPage","@id":"https:\/\/oneos.fr\/index.php\/produit\/meuble-tv-fait-main-acier-noir-mat-chene-brut-satine\/","url":"https:\/\/oneos.fr\/index.php\/produit\/meuble-tv-fait-main-acier-noir-mat-chene-brut-satine\/","name":"Meuble TV fait main - Acier noir mat & Ch\u00eane brut satin\u00e9 - On\u00e9os","isPartOf":{"@id":"https:\/\/oneos.fr\/#website"},"primaryImageOfPage":{"@id":"https:\/\/oneos.fr\/index.php\/produit\/meuble-tv-fait-main-acier-noir-mat-chene-brut-satine\/#primaryimage"},"image":{"@id":"https:\/\/oneos.fr\/index.php\/produit\/meuble-tv-fait-main-acier-noir-mat-chene-brut-satine\/#primaryimage"},"thumbnailUrl":"https:\/\/i0.wp.com\/oneos.fr\/wp-content\/uploads\/2025\/02\/WhatsApp-Image-2025-02-07-at-18.40.25.jpeg?fit=1536%2C2048&ssl=1","datePublished":"2025-02-18T19:50:03+00:00","dateModified":"2025-02-18T19:50:05+00:00","description":"Meuble t\u00e9l\u00e9vision haut de gamme, de grande taille et 100% fait main en mat\u00e9riaux nobles et durables. Acier noir mat et ch\u00eane brut satin\u00e9.","breadcrumb":{"@id":"https:\/\/oneos.fr\/index.php\/produit\/meuble-tv-fait-main-acier-noir-mat-chene-brut-satine\/#breadcrumb"},"inLanguage":"fr-FR","potentialAction":[{"@type":"ReadAction","target":["https:\/\/oneos.fr\/index.php\/produit\/meuble-tv-fait-main-acier-noir-mat-chene-brut-satine\/"]}]},{"@type":"ImageObject","inLanguage":"fr-FR","@id":"https:\/\/oneos.fr\/index.php\/produit\/meuble-tv-fait-main-acier-noir-mat-chene-brut-satine\/#primaryimage","url":"https:\/\/i0.wp.com\/oneos.fr\/wp-content\/uploads\/2025\/02\/WhatsApp-Image-2025-02-07-at-18.40.25.jpeg?fit=1536%2C2048&ssl=1","contentUrl":"https:\/\/i0.wp.com\/oneos.fr\/wp-content\/uploads\/2025\/02\/WhatsApp-Image-2025-02-07-at-18.40.25.jpeg?fit=1536%2C2048&ssl=1","width":1536,"height":2048,"caption":"meuble tv ch\u00eane brut et m\u00e9tal"},{"@type":"BreadcrumbList","@id":"https:\/\/oneos.fr\/index.php\/produit\/meuble-tv-fait-main-acier-noir-mat-chene-brut-satine\/#breadcrumb","itemListElement":[{"@type":"ListItem","position":1,"name":"Accueil","item":"https:\/\/oneos.fr\/"},{"@type":"ListItem","position":2,"name":"Boutique","item":"https:\/\/oneos.fr\/index.php\/boutique\/"},{"@type":"ListItem","position":3,"name":"Meuble TV fait main &#8211; Acier noir mat &#038; Ch\u00eane brut satin\u00e9"}]},{"@type":"WebSite","@id":"https:\/\/oneos.fr\/#website","url":"https:\/\/oneos.fr\/","name":"On\u00e9os","description":"","potentialAction":[{"@type":"SearchAction","target":{"@type":"EntryPoint","urlTemplate":"https:\/\/oneos.fr\/?s={search_term_string}"},"query-input":{"@type":"PropertyValueSpecification","valueRequired":true,"valueName":"search_term_string"}}],"inLanguage":"fr-FR"}]}},"jetpack-related-posts":[],"jetpack_sharing_enabled":true,"_links":{"self":[{"href":"https:\/\/oneos.fr\/index.php\/wp-json\/wp\/v2\/product\/698"}],"collection":[{"href":"https:\/\/oneos.fr\/index.php\/wp-json\/wp\/v2\/product"}],"about":[{"href":"https:\/\/oneos.fr\/index.php\/wp-json\/wp\/v2\/types\/product"}],"replies":[{"embeddable":true,"href":"https:\/\/oneos.fr\/index.php\/wp-json\/wp\/v2\/comments?post=698"}],"wp:featuredmedia":[{"embeddable":true,"href":"https:\/\/oneos.fr\/index.php\/wp-json\/wp\/v2\/media\/699"}],"wp:attachment":[{"href":"https:\/\/oneos.fr\/index.php\/wp-json\/wp\/v2\/media?parent=698"}],"wp:term":[{"taxonomy":"product_cat","embeddable":true,"href":"https:\/\/oneos.fr\/index.php\/wp-json\/wp\/v2\/product_cat?post=698"},{"taxonomy":"product_tag","embeddable":true,"href":"https:\/\/oneos.fr\/index.php\/wp-json\/wp\/v2\/product_tag?post=698"}],"curies":[{"name":"wp","href":"https:\/\/api.w.org\/{rel}","templated":true}]}}