{"id":550,"date":"2023-12-17T22:24:43","date_gmt":"2023-12-17T21:24:43","guid":{"rendered":"https:\/\/oneos.fr\/?post_type=product&#038;p=550"},"modified":"2023-12-17T22:24:44","modified_gmt":"2023-12-17T21:24:44","slug":"planche-apero-puzzle","status":"publish","type":"product","link":"https:\/\/oneos.fr\/index.php\/produit\/planche-apero-puzzle\/","title":{"rendered":"Planche ap\u00e9ro Puzzle"},"content":{"rendered":"<p>Explorez l&#8217;\u00e9l\u00e9gance rustique avec notre planche ap\u00e9ritive en bois, cr\u00e9\u00e9e localement \u00e0 partir de ch\u00eane centenaire.<\/p>\n<p>La finition naturelle \u00e0 l&#8217;huile de lin offre une qualit\u00e9 alimentaire exceptionnelle, ajoutant une touche d&#8217;\u00e9clat unique \u00e0 vos soir\u00e9es.<\/p>\n<p>Chaque pi\u00e8ce, d\u00e9coup\u00e9e dans du ch\u00eane brut vieux de plus de 100 ans, assure une solidit\u00e9 \u00e0 toute \u00e9preuve &#8211; aucune tranche de saucisson ne lui r\u00e9sistera.<\/p>\n<p>Dimensions : 12 x 18 x 2 cm.<\/p>\n<p>Une pi\u00e8ce de puzzle unique pour sublimer vos moments conviviaux.<\/p>\n","protected":false},"excerpt":{"rendered":"<p>\u00c9l\u00e9gance rustique avec nos planches ap\u00e9ritives en ch\u00eane centenaire, finition naturelle, solide et unique.<\/p>\n<p>Dimensions : 12 x 18 x 2 cm. Sublimez vos moments conviviaux !<\/p>\n","protected":false},"featured_media":551,"comment_status":"open","ping_status":"closed","template":"","meta":{"ocean_post_layout":"","ocean_both_sidebars_style":"","ocean_both_sidebars_content_width":0,"ocean_both_sidebars_sidebars_width":0,"ocean_sidebar":"0","ocean_second_sidebar":"0","ocean_disable_margins":"enable","ocean_add_body_class":"","ocean_shortcode_before_top_bar":"","ocean_shortcode_after_top_bar":"","ocean_shortcode_before_header":"","ocean_shortcode_after_header":"","ocean_has_shortcode":"","ocean_shortcode_after_title":"","ocean_shortcode_before_footer_widgets":"","ocean_shortcode_after_footer_widgets":"","ocean_shortcode_before_footer_bottom":"","ocean_shortcode_after_footer_bottom":"","ocean_display_top_bar":"default","ocean_display_header":"default","ocean_header_style":"","ocean_center_header_left_menu":"0","ocean_custom_header_template":"0","ocean_custom_logo":0,"ocean_custom_retina_logo":0,"ocean_custom_logo_max_width":0,"ocean_custom_logo_tablet_max_width":0,"ocean_custom_logo_mobile_max_width":0,"ocean_custom_logo_max_height":0,"ocean_custom_logo_tablet_max_height":0,"ocean_custom_logo_mobile_max_height":0,"ocean_header_custom_menu":"0","ocean_menu_typo_font_family":"0","ocean_menu_typo_font_subset":"","ocean_menu_typo_font_size":0,"ocean_menu_typo_font_size_tablet":0,"ocean_menu_typo_font_size_mobile":0,"ocean_menu_typo_font_size_unit":"px","ocean_menu_typo_font_weight":"","ocean_menu_typo_font_weight_tablet":"","ocean_menu_typo_font_weight_mobile":"","ocean_menu_typo_transform":"","ocean_menu_typo_transform_tablet":"","ocean_menu_typo_transform_mobile":"","ocean_menu_typo_line_height":0,"ocean_menu_typo_line_height_tablet":0,"ocean_menu_typo_line_height_mobile":0,"ocean_menu_typo_line_height_unit":"","ocean_menu_typo_spacing":0,"ocean_menu_typo_spacing_tablet":0,"ocean_menu_typo_spacing_mobile":0,"ocean_menu_typo_spacing_unit":"","ocean_menu_link_color":"","ocean_menu_link_color_hover":"","ocean_menu_link_color_active":"","ocean_menu_link_background":"","ocean_menu_link_hover_background":"","ocean_menu_link_active_background":"","ocean_menu_social_links_bg":"","ocean_menu_social_hover_links_bg":"","ocean_menu_social_links_color":"","ocean_menu_social_hover_links_color":"","ocean_disable_title":"default","ocean_disable_heading":"default","ocean_post_title":"","ocean_post_subheading":"","ocean_post_title_style":"","ocean_post_title_background_color":"","ocean_post_title_background":0,"ocean_post_title_bg_image_position":"","ocean_post_title_bg_image_attachment":"","ocean_post_title_bg_image_repeat":"","ocean_post_title_bg_image_size":"","ocean_post_title_height":0,"ocean_post_title_bg_overlay":0.5,"ocean_post_title_bg_overlay_color":"","ocean_disable_breadcrumbs":"default","ocean_breadcrumbs_color":"","ocean_breadcrumbs_separator_color":"","ocean_breadcrumbs_links_color":"","ocean_breadcrumbs_links_hover_color":"","ocean_display_footer_widgets":"default","ocean_display_footer_bottom":"default","ocean_custom_footer_template":"0"},"product_cat":[20],"product_tag":[],"class_list":{"0":"post-550","1":"product","2":"type-product","3":"status-publish","4":"has-post-thumbnail","6":"product_cat-atelier","8":"entry","9":"has-media","11":"first","12":"instock","13":"sold-individually","14":"purchasable","15":"product-type-simple","16":"has-product-nav","17":"col","18":"span_1_of_3","19":"owp-content-center","20":"owp-thumbs-layout-horizontal","21":"owp-btn-normal","22":"owp-tabs-layout-horizontal"},"yoast_head":"<!-- This site is optimized with the Yoast SEO plugin v23.4 - https:\/\/yoast.com\/wordpress\/plugins\/seo\/ -->\n<title>Planche ap\u00e9ro puzzle - On\u00e9os<\/title>\n<meta name=\"description\" content=\"\u00c9l\u00e9gance rustique avec notre planche ap\u00e9ritive en ch\u00eane centenaire, finition naturelle, solide et unique. Sublimez vos moments conviviaux !\" \/>\n<meta name=\"robots\" content=\"index, follow, max-snippet:-1, max-image-preview:large, max-video-preview:-1\" \/>\n<link rel=\"canonical\" href=\"https:\/\/oneos.fr\/index.php\/produit\/planche-apero-puzzle\/\" \/>\n<meta property=\"og:locale\" content=\"fr_FR\" \/>\n<meta property=\"og:type\" content=\"article\" \/>\n<meta property=\"og:title\" content=\"Planche ap\u00e9ro puzzle - On\u00e9os\" \/>\n<meta property=\"og:description\" content=\"\u00c9l\u00e9gance rustique avec notre planche ap\u00e9ritive en ch\u00eane centenaire, finition naturelle, solide et unique. Sublimez vos moments conviviaux !\" \/>\n<meta property=\"og:url\" content=\"https:\/\/oneos.fr\/index.php\/produit\/planche-apero-puzzle\/\" \/>\n<meta property=\"og:site_name\" content=\"On\u00e9os\" \/>\n<meta property=\"article:publisher\" content=\"https:\/\/www.facebook.com\/fb.oneos\" \/>\n<meta property=\"article:modified_time\" content=\"2023-12-17T21:24:44+00:00\" \/>\n<meta property=\"og:image\" content=\"https:\/\/oneos.fr\/wp-content\/uploads\/2023\/12\/IMG_20231217_150206-scaled.jpg\" \/>\n\t<meta property=\"og:image:width\" content=\"1920\" \/>\n\t<meta property=\"og:image:height\" content=\"2560\" \/>\n\t<meta property=\"og:image:type\" content=\"image\/jpeg\" \/>\n<meta name=\"twitter:card\" content=\"summary_large_image\" \/>\n<meta name=\"twitter:label1\" content=\"Dur\u00e9e de lecture estim\u00e9e\" \/>\n\t<meta name=\"twitter:data1\" content=\"1 minute\" \/>\n<script type=\"application\/ld+json\" class=\"yoast-schema-graph\">{\"@context\":\"https:\/\/schema.org\",\"@graph\":[{\"@type\":\"WebPage\",\"@id\":\"https:\/\/oneos.fr\/index.php\/produit\/planche-apero-puzzle\/\",\"url\":\"https:\/\/oneos.fr\/index.php\/produit\/planche-apero-puzzle\/\",\"name\":\"Planche ap\u00e9ro puzzle - On\u00e9os\",\"isPartOf\":{\"@id\":\"https:\/\/oneos.fr\/#website\"},\"primaryImageOfPage\":{\"@id\":\"https:\/\/oneos.fr\/index.php\/produit\/planche-apero-puzzle\/#primaryimage\"},\"image\":{\"@id\":\"https:\/\/oneos.fr\/index.php\/produit\/planche-apero-puzzle\/#primaryimage\"},\"thumbnailUrl\":\"https:\/\/i0.wp.com\/oneos.fr\/wp-content\/uploads\/2023\/12\/IMG_20231217_150206-scaled.jpg?fit=1920%2C2560&ssl=1\",\"datePublished\":\"2023-12-17T21:24:43+00:00\",\"dateModified\":\"2023-12-17T21:24:44+00:00\",\"description\":\"\u00c9l\u00e9gance rustique avec notre planche ap\u00e9ritive en ch\u00eane centenaire, finition naturelle, solide et unique. Sublimez vos moments conviviaux !\",\"breadcrumb\":{\"@id\":\"https:\/\/oneos.fr\/index.php\/produit\/planche-apero-puzzle\/#breadcrumb\"},\"inLanguage\":\"fr-FR\",\"potentialAction\":[{\"@type\":\"ReadAction\",\"target\":[\"https:\/\/oneos.fr\/index.php\/produit\/planche-apero-puzzle\/\"]}]},{\"@type\":\"ImageObject\",\"inLanguage\":\"fr-FR\",\"@id\":\"https:\/\/oneos.fr\/index.php\/produit\/planche-apero-puzzle\/#primaryimage\",\"url\":\"https:\/\/i0.wp.com\/oneos.fr\/wp-content\/uploads\/2023\/12\/IMG_20231217_150206-scaled.jpg?fit=1920%2C2560&ssl=1\",\"contentUrl\":\"https:\/\/i0.wp.com\/oneos.fr\/wp-content\/uploads\/2023\/12\/IMG_20231217_150206-scaled.jpg?fit=1920%2C2560&ssl=1\",\"width\":1920,\"height\":2560,\"caption\":\"planche ap\u00e9ro bois brut puzzle\"},{\"@type\":\"BreadcrumbList\",\"@id\":\"https:\/\/oneos.fr\/index.php\/produit\/planche-apero-puzzle\/#breadcrumb\",\"itemListElement\":[{\"@type\":\"ListItem\",\"position\":1,\"name\":\"Accueil\",\"item\":\"https:\/\/oneos.fr\/\"},{\"@type\":\"ListItem\",\"position\":2,\"name\":\"Boutique\",\"item\":\"https:\/\/oneos.fr\/index.php\/boutique\/\"},{\"@type\":\"ListItem\",\"position\":3,\"name\":\"Planche ap\u00e9ro Puzzle\"}]},{\"@type\":\"WebSite\",\"@id\":\"https:\/\/oneos.fr\/#website\",\"url\":\"https:\/\/oneos.fr\/\",\"name\":\"On\u00e9os\",\"description\":\"\",\"potentialAction\":[{\"@type\":\"SearchAction\",\"target\":{\"@type\":\"EntryPoint\",\"urlTemplate\":\"https:\/\/oneos.fr\/?s={search_term_string}\"},\"query-input\":{\"@type\":\"PropertyValueSpecification\",\"valueRequired\":true,\"valueName\":\"search_term_string\"}}],\"inLanguage\":\"fr-FR\"}]}<\/script>\n<!-- \/ Yoast SEO plugin. -->","yoast_head_json":{"title":"Planche ap\u00e9ro puzzle - On\u00e9os","description":"\u00c9l\u00e9gance rustique avec notre planche ap\u00e9ritive en ch\u00eane centenaire, finition naturelle, solide et unique. Sublimez vos moments conviviaux !","robots":{"index":"index","follow":"follow","max-snippet":"max-snippet:-1","max-image-preview":"max-image-preview:large","max-video-preview":"max-video-preview:-1"},"canonical":"https:\/\/oneos.fr\/index.php\/produit\/planche-apero-puzzle\/","og_locale":"fr_FR","og_type":"article","og_title":"Planche ap\u00e9ro puzzle - On\u00e9os","og_description":"\u00c9l\u00e9gance rustique avec notre planche ap\u00e9ritive en ch\u00eane centenaire, finition naturelle, solide et unique. Sublimez vos moments conviviaux !","og_url":"https:\/\/oneos.fr\/index.php\/produit\/planche-apero-puzzle\/","og_site_name":"On\u00e9os","article_publisher":"https:\/\/www.facebook.com\/fb.oneos","article_modified_time":"2023-12-17T21:24:44+00:00","og_image":[{"width":1920,"height":2560,"url":"https:\/\/oneos.fr\/wp-content\/uploads\/2023\/12\/IMG_20231217_150206-scaled.jpg","type":"image\/jpeg"}],"twitter_card":"summary_large_image","twitter_misc":{"Dur\u00e9e de lecture estim\u00e9e":"1 minute"},"schema":{"@context":"https:\/\/schema.org","@graph":[{"@type":"WebPage","@id":"https:\/\/oneos.fr\/index.php\/produit\/planche-apero-puzzle\/","url":"https:\/\/oneos.fr\/index.php\/produit\/planche-apero-puzzle\/","name":"Planche ap\u00e9ro puzzle - On\u00e9os","isPartOf":{"@id":"https:\/\/oneos.fr\/#website"},"primaryImageOfPage":{"@id":"https:\/\/oneos.fr\/index.php\/produit\/planche-apero-puzzle\/#primaryimage"},"image":{"@id":"https:\/\/oneos.fr\/index.php\/produit\/planche-apero-puzzle\/#primaryimage"},"thumbnailUrl":"https:\/\/i0.wp.com\/oneos.fr\/wp-content\/uploads\/2023\/12\/IMG_20231217_150206-scaled.jpg?fit=1920%2C2560&ssl=1","datePublished":"2023-12-17T21:24:43+00:00","dateModified":"2023-12-17T21:24:44+00:00","description":"\u00c9l\u00e9gance rustique avec notre planche ap\u00e9ritive en ch\u00eane centenaire, finition naturelle, solide et unique. Sublimez vos moments conviviaux !","breadcrumb":{"@id":"https:\/\/oneos.fr\/index.php\/produit\/planche-apero-puzzle\/#breadcrumb"},"inLanguage":"fr-FR","potentialAction":[{"@type":"ReadAction","target":["https:\/\/oneos.fr\/index.php\/produit\/planche-apero-puzzle\/"]}]},{"@type":"ImageObject","inLanguage":"fr-FR","@id":"https:\/\/oneos.fr\/index.php\/produit\/planche-apero-puzzle\/#primaryimage","url":"https:\/\/i0.wp.com\/oneos.fr\/wp-content\/uploads\/2023\/12\/IMG_20231217_150206-scaled.jpg?fit=1920%2C2560&ssl=1","contentUrl":"https:\/\/i0.wp.com\/oneos.fr\/wp-content\/uploads\/2023\/12\/IMG_20231217_150206-scaled.jpg?fit=1920%2C2560&ssl=1","width":1920,"height":2560,"caption":"planche ap\u00e9ro bois brut puzzle"},{"@type":"BreadcrumbList","@id":"https:\/\/oneos.fr\/index.php\/produit\/planche-apero-puzzle\/#breadcrumb","itemListElement":[{"@type":"ListItem","position":1,"name":"Accueil","item":"https:\/\/oneos.fr\/"},{"@type":"ListItem","position":2,"name":"Boutique","item":"https:\/\/oneos.fr\/index.php\/boutique\/"},{"@type":"ListItem","position":3,"name":"Planche ap\u00e9ro Puzzle"}]},{"@type":"WebSite","@id":"https:\/\/oneos.fr\/#website","url":"https:\/\/oneos.fr\/","name":"On\u00e9os","description":"","potentialAction":[{"@type":"SearchAction","target":{"@type":"EntryPoint","urlTemplate":"https:\/\/oneos.fr\/?s={search_term_string}"},"query-input":{"@type":"PropertyValueSpecification","valueRequired":true,"valueName":"search_term_string"}}],"inLanguage":"fr-FR"}]}},"jetpack-related-posts":[],"jetpack_sharing_enabled":true,"_links":{"self":[{"href":"https:\/\/oneos.fr\/index.php\/wp-json\/wp\/v2\/product\/550"}],"collection":[{"href":"https:\/\/oneos.fr\/index.php\/wp-json\/wp\/v2\/product"}],"about":[{"href":"https:\/\/oneos.fr\/index.php\/wp-json\/wp\/v2\/types\/product"}],"replies":[{"embeddable":true,"href":"https:\/\/oneos.fr\/index.php\/wp-json\/wp\/v2\/comments?post=550"}],"wp:featuredmedia":[{"embeddable":true,"href":"https:\/\/oneos.fr\/index.php\/wp-json\/wp\/v2\/media\/551"}],"wp:attachment":[{"href":"https:\/\/oneos.fr\/index.php\/wp-json\/wp\/v2\/media?parent=550"}],"wp:term":[{"taxonomy":"product_cat","embeddable":true,"href":"https:\/\/oneos.fr\/index.php\/wp-json\/wp\/v2\/product_cat?post=550"},{"taxonomy":"product_tag","embeddable":true,"href":"https:\/\/oneos.fr\/index.php\/wp-json\/wp\/v2\/product_tag?post=550"}],"curies":[{"name":"wp","href":"https:\/\/api.w.org\/{rel}","templated":true}]}}