{"id":291,"date":"2022-04-26T13:43:48","date_gmt":"2022-04-26T11:43:48","guid":{"rendered":"https:\/\/oneos.fr\/?post_type=product&#038;p=291"},"modified":"2023-08-08T13:34:40","modified_gmt":"2023-08-08T11:34:40","slug":"porte-manteau-metal-recycle-fait-main-finition-aspect-rouille","status":"publish","type":"product","link":"https:\/\/oneos.fr\/index.php\/produit\/porte-manteau-metal-recycle-fait-main-finition-aspect-rouille\/","title":{"rendered":"Porte-Manteau m\u00e9tal recycl\u00e9 fait main &#8211; Finition aspect rouille"},"content":{"rendered":"<p>Ce porte-manteau au design unique a \u00e9t\u00e9 fait main par On\u00e9os, en France, avec des pi\u00e8ces de m\u00e9tal issues de la r\u00e9cup\u00e9ration. Il mesure 2m et poss\u00e8de une finition avec un aspect &#8220;rouille&#8221;.<\/p>\n<p>Le socle est soud\u00e9 \u00e0 partir d&#8217;un cercle de tonneau et les branches sont issues de fer \u00e0 b\u00e9ton, le reste est constitu\u00e9 de chutes de m\u00e9tal. En plus de vous doter d&#8217;un porte-manteau unique, vous sauvez toutes ces pi\u00e8ces de la d\u00e9chetterie et oeuvrez pour une consommation fran\u00e7aise et durable !<\/p>\n<p>Disponible directement \u00e0 Saint-Ciers-Sur-Bonnieure (Charente). Nous contacter pour une \u00e9ventuelle livraison.<\/p>\n","protected":false},"excerpt":{"rendered":"<p>Ce porte-manteau au design unique a \u00e9t\u00e9 fait main par On\u00e9os, en France, avec des pi\u00e8ces de m\u00e9tal issues de la r\u00e9cup\u00e9ration. Il mesure 2m et poss\u00e8de une finition avec un aspect &#8220;rouille&#8221;.<\/p>\n<p>Le socle est soud\u00e9 \u00e0 partir d&#8217;un cercle de tonneau et les branches sont issues de fer \u00e0 b\u00e9ton, le reste est constitu\u00e9 de chutes de m\u00e9tal. En plus de vous doter d&#8217;un porte-manteau unique, vous sauvez toutes ces pi\u00e8ces de la d\u00e9chetterie et oeuvrez pour une consommation fran\u00e7aise et durable !<\/p>\n<p>Disponible directement \u00e0 Saint-Ciers-Sur-Bonnieure (Charente). Nous contacter pour une \u00e9ventuelle livraison.<\/p>\n","protected":false},"featured_media":292,"comment_status":"open","ping_status":"closed","template":"","meta":{"ocean_post_layout":"","ocean_both_sidebars_style":"","ocean_both_sidebars_content_width":0,"ocean_both_sidebars_sidebars_width":0,"ocean_sidebar":"0","ocean_second_sidebar":"0","ocean_disable_margins":"enable","ocean_add_body_class":"","ocean_shortcode_before_top_bar":"","ocean_shortcode_after_top_bar":"","ocean_shortcode_before_header":"","ocean_shortcode_after_header":"","ocean_has_shortcode":"","ocean_shortcode_after_title":"","ocean_shortcode_before_footer_widgets":"","ocean_shortcode_after_footer_widgets":"","ocean_shortcode_before_footer_bottom":"","ocean_shortcode_after_footer_bottom":"","ocean_display_top_bar":"default","ocean_display_header":"default","ocean_header_style":"","ocean_center_header_left_menu":"0","ocean_custom_header_template":"0","ocean_custom_logo":0,"ocean_custom_retina_logo":0,"ocean_custom_logo_max_width":0,"ocean_custom_logo_tablet_max_width":0,"ocean_custom_logo_mobile_max_width":0,"ocean_custom_logo_max_height":0,"ocean_custom_logo_tablet_max_height":0,"ocean_custom_logo_mobile_max_height":0,"ocean_header_custom_menu":"0","ocean_menu_typo_font_family":"0","ocean_menu_typo_font_subset":"","ocean_menu_typo_font_size":0,"ocean_menu_typo_font_size_tablet":0,"ocean_menu_typo_font_size_mobile":0,"ocean_menu_typo_font_size_unit":"px","ocean_menu_typo_font_weight":"","ocean_menu_typo_font_weight_tablet":"","ocean_menu_typo_font_weight_mobile":"","ocean_menu_typo_transform":"","ocean_menu_typo_transform_tablet":"","ocean_menu_typo_transform_mobile":"","ocean_menu_typo_line_height":0,"ocean_menu_typo_line_height_tablet":0,"ocean_menu_typo_line_height_mobile":0,"ocean_menu_typo_line_height_unit":"","ocean_menu_typo_spacing":0,"ocean_menu_typo_spacing_tablet":0,"ocean_menu_typo_spacing_mobile":0,"ocean_menu_typo_spacing_unit":"","ocean_menu_link_color":"","ocean_menu_link_color_hover":"","ocean_menu_link_color_active":"","ocean_menu_link_background":"","ocean_menu_link_hover_background":"","ocean_menu_link_active_background":"","ocean_menu_social_links_bg":"","ocean_menu_social_hover_links_bg":"","ocean_menu_social_links_color":"","ocean_menu_social_hover_links_color":"","ocean_disable_title":"default","ocean_disable_heading":"default","ocean_post_title":"","ocean_post_subheading":"","ocean_post_title_style":"","ocean_post_title_background_color":"","ocean_post_title_background":0,"ocean_post_title_bg_image_position":"","ocean_post_title_bg_image_attachment":"","ocean_post_title_bg_image_repeat":"","ocean_post_title_bg_image_size":"","ocean_post_title_height":0,"ocean_post_title_bg_overlay":0.5,"ocean_post_title_bg_overlay_color":"","ocean_disable_breadcrumbs":"default","ocean_breadcrumbs_color":"","ocean_breadcrumbs_separator_color":"","ocean_breadcrumbs_links_color":"","ocean_breadcrumbs_links_hover_color":"","ocean_display_footer_widgets":"default","ocean_display_footer_bottom":"default","ocean_custom_footer_template":"0"},"product_cat":[20],"product_tag":[30,31,28,50,27],"class_list":{"0":"post-291","1":"product","2":"type-product","3":"status-publish","4":"has-post-thumbnail","6":"product_cat-atelier","7":"product_tag-fait-main","8":"product_tag-made-in-france","9":"product_tag-metal","10":"product_tag-porte-manteau","11":"product_tag-soudure","13":"entry","14":"has-media","16":"first","17":"instock","18":"sold-individually","19":"purchasable","20":"product-type-simple","21":"has-product-nav","22":"col","23":"span_1_of_3","24":"owp-content-center","25":"owp-thumbs-layout-horizontal","26":"owp-btn-normal","27":"owp-tabs-layout-horizontal","28":"has-no-thumbnails"},"yoast_head":"<!-- This site is optimized with the Yoast SEO plugin v23.4 - https:\/\/yoast.com\/wordpress\/plugins\/seo\/ -->\n<title>Porte-Manteau m\u00e9tal recycl\u00e9 fait main - Finition aspect rouille - On\u00e9os<\/title>\n<meta name=\"robots\" content=\"index, follow, max-snippet:-1, max-image-preview:large, max-video-preview:-1\" \/>\n<link rel=\"canonical\" href=\"https:\/\/oneos.fr\/index.php\/produit\/porte-manteau-metal-recycle-fait-main-finition-aspect-rouille\/\" \/>\n<meta property=\"og:locale\" content=\"fr_FR\" \/>\n<meta property=\"og:type\" content=\"article\" \/>\n<meta property=\"og:title\" content=\"Porte-Manteau m\u00e9tal recycl\u00e9 fait main - Finition aspect rouille - On\u00e9os\" \/>\n<meta property=\"og:description\" content=\"Ce porte-manteau au design unique a \u00e9t\u00e9 fait main par On\u00e9os, en France, avec des pi\u00e8ces de m\u00e9tal issues de la r\u00e9cup\u00e9ration. Il mesure 2m et poss\u00e8de une finition avec un aspect &quot;rouille&quot;.  Le socle est soud\u00e9 \u00e0 partir d&#039;un cercle de tonneau et les branches sont issues de fer \u00e0 b\u00e9ton, le reste est constitu\u00e9 de chutes de m\u00e9tal. En plus de vous doter d&#039;un porte-manteau unique, vous sauvez toutes ces pi\u00e8ces de la d\u00e9chetterie et oeuvrez pour une consommation fran\u00e7aise et durable !  Disponible directement \u00e0 Saint-Ciers-Sur-Bonnieure (Charente). Nous contacter pour une \u00e9ventuelle livraison.\" \/>\n<meta property=\"og:url\" content=\"https:\/\/oneos.fr\/index.php\/produit\/porte-manteau-metal-recycle-fait-main-finition-aspect-rouille\/\" \/>\n<meta property=\"og:site_name\" content=\"On\u00e9os\" \/>\n<meta property=\"article:publisher\" content=\"https:\/\/www.facebook.com\/fb.oneos\" \/>\n<meta property=\"article:modified_time\" content=\"2023-08-08T11:34:40+00:00\" \/>\n<meta property=\"og:image\" content=\"https:\/\/oneos.fr\/wp-content\/uploads\/2022\/04\/WhatsApp-Image-2022-04-26-at-13.27.17.jpeg\" \/>\n\t<meta property=\"og:image:width\" content=\"2048\" \/>\n\t<meta property=\"og:image:height\" content=\"2048\" \/>\n\t<meta property=\"og:image:type\" content=\"image\/jpeg\" \/>\n<meta name=\"twitter:card\" content=\"summary_large_image\" \/>\n<meta name=\"twitter:label1\" content=\"Dur\u00e9e de lecture estim\u00e9e\" \/>\n\t<meta name=\"twitter:data1\" content=\"1 minute\" \/>\n<script type=\"application\/ld+json\" class=\"yoast-schema-graph\">{\"@context\":\"https:\/\/schema.org\",\"@graph\":[{\"@type\":\"WebPage\",\"@id\":\"https:\/\/oneos.fr\/index.php\/produit\/porte-manteau-metal-recycle-fait-main-finition-aspect-rouille\/\",\"url\":\"https:\/\/oneos.fr\/index.php\/produit\/porte-manteau-metal-recycle-fait-main-finition-aspect-rouille\/\",\"name\":\"Porte-Manteau m\u00e9tal recycl\u00e9 fait main - Finition aspect rouille - On\u00e9os\",\"isPartOf\":{\"@id\":\"https:\/\/oneos.fr\/#website\"},\"primaryImageOfPage\":{\"@id\":\"https:\/\/oneos.fr\/index.php\/produit\/porte-manteau-metal-recycle-fait-main-finition-aspect-rouille\/#primaryimage\"},\"image\":{\"@id\":\"https:\/\/oneos.fr\/index.php\/produit\/porte-manteau-metal-recycle-fait-main-finition-aspect-rouille\/#primaryimage\"},\"thumbnailUrl\":\"https:\/\/i0.wp.com\/oneos.fr\/wp-content\/uploads\/2022\/04\/WhatsApp-Image-2022-04-26-at-13.27.17.jpeg?fit=2048%2C2048&ssl=1\",\"datePublished\":\"2022-04-26T11:43:48+00:00\",\"dateModified\":\"2023-08-08T11:34:40+00:00\",\"breadcrumb\":{\"@id\":\"https:\/\/oneos.fr\/index.php\/produit\/porte-manteau-metal-recycle-fait-main-finition-aspect-rouille\/#breadcrumb\"},\"inLanguage\":\"fr-FR\",\"potentialAction\":[{\"@type\":\"ReadAction\",\"target\":[\"https:\/\/oneos.fr\/index.php\/produit\/porte-manteau-metal-recycle-fait-main-finition-aspect-rouille\/\"]}]},{\"@type\":\"ImageObject\",\"inLanguage\":\"fr-FR\",\"@id\":\"https:\/\/oneos.fr\/index.php\/produit\/porte-manteau-metal-recycle-fait-main-finition-aspect-rouille\/#primaryimage\",\"url\":\"https:\/\/i0.wp.com\/oneos.fr\/wp-content\/uploads\/2022\/04\/WhatsApp-Image-2022-04-26-at-13.27.17.jpeg?fit=2048%2C2048&ssl=1\",\"contentUrl\":\"https:\/\/i0.wp.com\/oneos.fr\/wp-content\/uploads\/2022\/04\/WhatsApp-Image-2022-04-26-at-13.27.17.jpeg?fit=2048%2C2048&ssl=1\",\"width\":2048,\"height\":2048},{\"@type\":\"BreadcrumbList\",\"@id\":\"https:\/\/oneos.fr\/index.php\/produit\/porte-manteau-metal-recycle-fait-main-finition-aspect-rouille\/#breadcrumb\",\"itemListElement\":[{\"@type\":\"ListItem\",\"position\":1,\"name\":\"Accueil\",\"item\":\"https:\/\/oneos.fr\/\"},{\"@type\":\"ListItem\",\"position\":2,\"name\":\"Boutique\",\"item\":\"https:\/\/oneos.fr\/index.php\/boutique\/\"},{\"@type\":\"ListItem\",\"position\":3,\"name\":\"Porte-Manteau m\u00e9tal recycl\u00e9 fait main &#8211; Finition aspect rouille\"}]},{\"@type\":\"WebSite\",\"@id\":\"https:\/\/oneos.fr\/#website\",\"url\":\"https:\/\/oneos.fr\/\",\"name\":\"On\u00e9os\",\"description\":\"\",\"potentialAction\":[{\"@type\":\"SearchAction\",\"target\":{\"@type\":\"EntryPoint\",\"urlTemplate\":\"https:\/\/oneos.fr\/?s={search_term_string}\"},\"query-input\":{\"@type\":\"PropertyValueSpecification\",\"valueRequired\":true,\"valueName\":\"search_term_string\"}}],\"inLanguage\":\"fr-FR\"}]}<\/script>\n<!-- \/ Yoast SEO plugin. -->","yoast_head_json":{"title":"Porte-Manteau m\u00e9tal recycl\u00e9 fait main - Finition aspect rouille - On\u00e9os","robots":{"index":"index","follow":"follow","max-snippet":"max-snippet:-1","max-image-preview":"max-image-preview:large","max-video-preview":"max-video-preview:-1"},"canonical":"https:\/\/oneos.fr\/index.php\/produit\/porte-manteau-metal-recycle-fait-main-finition-aspect-rouille\/","og_locale":"fr_FR","og_type":"article","og_title":"Porte-Manteau m\u00e9tal recycl\u00e9 fait main - Finition aspect rouille - On\u00e9os","og_description":"Ce porte-manteau au design unique a \u00e9t\u00e9 fait main par On\u00e9os, en France, avec des pi\u00e8ces de m\u00e9tal issues de la r\u00e9cup\u00e9ration. Il mesure 2m et poss\u00e8de une finition avec un aspect \"rouille\".  Le socle est soud\u00e9 \u00e0 partir d'un cercle de tonneau et les branches sont issues de fer \u00e0 b\u00e9ton, le reste est constitu\u00e9 de chutes de m\u00e9tal. En plus de vous doter d'un porte-manteau unique, vous sauvez toutes ces pi\u00e8ces de la d\u00e9chetterie et oeuvrez pour une consommation fran\u00e7aise et durable !  Disponible directement \u00e0 Saint-Ciers-Sur-Bonnieure (Charente). Nous contacter pour une \u00e9ventuelle livraison.","og_url":"https:\/\/oneos.fr\/index.php\/produit\/porte-manteau-metal-recycle-fait-main-finition-aspect-rouille\/","og_site_name":"On\u00e9os","article_publisher":"https:\/\/www.facebook.com\/fb.oneos","article_modified_time":"2023-08-08T11:34:40+00:00","og_image":[{"width":2048,"height":2048,"url":"https:\/\/oneos.fr\/wp-content\/uploads\/2022\/04\/WhatsApp-Image-2022-04-26-at-13.27.17.jpeg","type":"image\/jpeg"}],"twitter_card":"summary_large_image","twitter_misc":{"Dur\u00e9e de lecture estim\u00e9e":"1 minute"},"schema":{"@context":"https:\/\/schema.org","@graph":[{"@type":"WebPage","@id":"https:\/\/oneos.fr\/index.php\/produit\/porte-manteau-metal-recycle-fait-main-finition-aspect-rouille\/","url":"https:\/\/oneos.fr\/index.php\/produit\/porte-manteau-metal-recycle-fait-main-finition-aspect-rouille\/","name":"Porte-Manteau m\u00e9tal recycl\u00e9 fait main - Finition aspect rouille - On\u00e9os","isPartOf":{"@id":"https:\/\/oneos.fr\/#website"},"primaryImageOfPage":{"@id":"https:\/\/oneos.fr\/index.php\/produit\/porte-manteau-metal-recycle-fait-main-finition-aspect-rouille\/#primaryimage"},"image":{"@id":"https:\/\/oneos.fr\/index.php\/produit\/porte-manteau-metal-recycle-fait-main-finition-aspect-rouille\/#primaryimage"},"thumbnailUrl":"https:\/\/i0.wp.com\/oneos.fr\/wp-content\/uploads\/2022\/04\/WhatsApp-Image-2022-04-26-at-13.27.17.jpeg?fit=2048%2C2048&ssl=1","datePublished":"2022-04-26T11:43:48+00:00","dateModified":"2023-08-08T11:34:40+00:00","breadcrumb":{"@id":"https:\/\/oneos.fr\/index.php\/produit\/porte-manteau-metal-recycle-fait-main-finition-aspect-rouille\/#breadcrumb"},"inLanguage":"fr-FR","potentialAction":[{"@type":"ReadAction","target":["https:\/\/oneos.fr\/index.php\/produit\/porte-manteau-metal-recycle-fait-main-finition-aspect-rouille\/"]}]},{"@type":"ImageObject","inLanguage":"fr-FR","@id":"https:\/\/oneos.fr\/index.php\/produit\/porte-manteau-metal-recycle-fait-main-finition-aspect-rouille\/#primaryimage","url":"https:\/\/i0.wp.com\/oneos.fr\/wp-content\/uploads\/2022\/04\/WhatsApp-Image-2022-04-26-at-13.27.17.jpeg?fit=2048%2C2048&ssl=1","contentUrl":"https:\/\/i0.wp.com\/oneos.fr\/wp-content\/uploads\/2022\/04\/WhatsApp-Image-2022-04-26-at-13.27.17.jpeg?fit=2048%2C2048&ssl=1","width":2048,"height":2048},{"@type":"BreadcrumbList","@id":"https:\/\/oneos.fr\/index.php\/produit\/porte-manteau-metal-recycle-fait-main-finition-aspect-rouille\/#breadcrumb","itemListElement":[{"@type":"ListItem","position":1,"name":"Accueil","item":"https:\/\/oneos.fr\/"},{"@type":"ListItem","position":2,"name":"Boutique","item":"https:\/\/oneos.fr\/index.php\/boutique\/"},{"@type":"ListItem","position":3,"name":"Porte-Manteau m\u00e9tal recycl\u00e9 fait main &#8211; Finition aspect rouille"}]},{"@type":"WebSite","@id":"https:\/\/oneos.fr\/#website","url":"https:\/\/oneos.fr\/","name":"On\u00e9os","description":"","potentialAction":[{"@type":"SearchAction","target":{"@type":"EntryPoint","urlTemplate":"https:\/\/oneos.fr\/?s={search_term_string}"},"query-input":{"@type":"PropertyValueSpecification","valueRequired":true,"valueName":"search_term_string"}}],"inLanguage":"fr-FR"}]}},"jetpack-related-posts":[],"jetpack_sharing_enabled":true,"_links":{"self":[{"href":"https:\/\/oneos.fr\/index.php\/wp-json\/wp\/v2\/product\/291"}],"collection":[{"href":"https:\/\/oneos.fr\/index.php\/wp-json\/wp\/v2\/product"}],"about":[{"href":"https:\/\/oneos.fr\/index.php\/wp-json\/wp\/v2\/types\/product"}],"replies":[{"embeddable":true,"href":"https:\/\/oneos.fr\/index.php\/wp-json\/wp\/v2\/comments?post=291"}],"wp:featuredmedia":[{"embeddable":true,"href":"https:\/\/oneos.fr\/index.php\/wp-json\/wp\/v2\/media\/292"}],"wp:attachment":[{"href":"https:\/\/oneos.fr\/index.php\/wp-json\/wp\/v2\/media?parent=291"}],"wp:term":[{"taxonomy":"product_cat","embeddable":true,"href":"https:\/\/oneos.fr\/index.php\/wp-json\/wp\/v2\/product_cat?post=291"},{"taxonomy":"product_tag","embeddable":true,"href":"https:\/\/oneos.fr\/index.php\/wp-json\/wp\/v2\/product_tag?post=291"}],"curies":[{"name":"wp","href":"https:\/\/api.w.org\/{rel}","templated":true}]}}