{"id":271,"date":"2022-03-15T23:36:50","date_gmt":"2022-03-15T22:36:50","guid":{"rendered":"https:\/\/oneos.fr\/index.php\/produit\/hoodie-with-logo-2\/"},"modified":"2023-08-21T16:52:55","modified_gmt":"2023-08-21T14:52:55","slug":"poster_durable_fruits_et_legumes","status":"publish","type":"product","link":"https:\/\/oneos.fr\/index.php\/produit\/poster_durable_fruits_et_legumes\/","title":{"rendered":"Poster \u00e9cologique Fruits &#038; L\u00e9gumes de Saison"},"content":{"rendered":"<figure id=\"attachment_272\" aria-describedby=\"caption-attachment-272\" style=\"width: 215px\" class=\"wp-caption alignnone\"><img data-recalc-dims=\"1\" fetchpriority=\"high\" decoding=\"async\" class=\"size-medium wp-image-272\" src=\"https:\/\/i0.wp.com\/oneos.fr\/wp-content\/uploads\/2022\/03\/Capture-decran-2022-03-15-a-23.16.35.png?resize=215%2C300&#038;ssl=1\" alt=\"\" width=\"215\" height=\"300\" srcset=\"https:\/\/i0.wp.com\/oneos.fr\/wp-content\/uploads\/2022\/03\/Capture-decran-2022-03-15-a-23.16.35.png?resize=215%2C300&amp;ssl=1 215w, https:\/\/i0.wp.com\/oneos.fr\/wp-content\/uploads\/2022\/03\/Capture-decran-2022-03-15-a-23.16.35.png?resize=735%2C1024&amp;ssl=1 735w, https:\/\/i0.wp.com\/oneos.fr\/wp-content\/uploads\/2022\/03\/Capture-decran-2022-03-15-a-23.16.35.png?resize=768%2C1070&amp;ssl=1 768w, https:\/\/i0.wp.com\/oneos.fr\/wp-content\/uploads\/2022\/03\/Capture-decran-2022-03-15-a-23.16.35.png?resize=600%2C836&amp;ssl=1 600w, https:\/\/i0.wp.com\/oneos.fr\/wp-content\/uploads\/2022\/03\/Capture-decran-2022-03-15-a-23.16.35.png?w=866&amp;ssl=1 866w\" sizes=\"(max-width: 215px) 100vw, 215px\" \/><figcaption id=\"caption-attachment-272\" class=\"wp-caption-text\">Poster \u00e9cologique Fruits &amp; L\u00e9gumes de saison.<\/figcaption><\/figure>\n<p>&nbsp;<\/p>\n<p>Le poster \u00e9cologique d&#8217;On\u00e9os est fabriqu\u00e9 \u00e0 partir de papier recycl\u00e9 durablement et imprim\u00e9 avec des encres v\u00e9g\u00e9tales, en France. Il pr\u00e9sente de fa\u00e7on harmonieuse les fruits et l\u00e9gumes de saison au format A3, pour que vous puissiez consommer fran\u00e7ais, local et en respectant l&#8217;environnement ! L&#8217;emballage est garanti 100% carton biosourc\u00e9.<\/p>\n","protected":false},"excerpt":{"rendered":"<p>Le poster \u00e9cologique d&#8217;On\u00e9os est fabriqu\u00e9 \u00e0 partir de papier recycl\u00e9 durablement et imprim\u00e9 avec des encres v\u00e9g\u00e9tales, en France. Il pr\u00e9sente de fa\u00e7on harmonieuse les fruits et l\u00e9gumes de saison au format A3, pour que vous puissiez consommer fran\u00e7ais, local et en respectant l&#8217;environnement ! L&#8217;emballage est garanti 100% carton biosourc\u00e9.<\/p>\n","protected":false},"featured_media":297,"comment_status":"open","ping_status":"closed","template":"","meta":{"ocean_post_layout":"","ocean_both_sidebars_style":"","ocean_both_sidebars_content_width":0,"ocean_both_sidebars_sidebars_width":0,"ocean_sidebar":"0","ocean_second_sidebar":"0","ocean_disable_margins":"enable","ocean_add_body_class":"","ocean_shortcode_before_top_bar":"","ocean_shortcode_after_top_bar":"","ocean_shortcode_before_header":"","ocean_shortcode_after_header":"","ocean_has_shortcode":"","ocean_shortcode_after_title":"","ocean_shortcode_before_footer_widgets":"","ocean_shortcode_after_footer_widgets":"","ocean_shortcode_before_footer_bottom":"","ocean_shortcode_after_footer_bottom":"","ocean_display_top_bar":"default","ocean_display_header":"default","ocean_header_style":"","ocean_center_header_left_menu":"0","ocean_custom_header_template":"0","ocean_custom_logo":0,"ocean_custom_retina_logo":0,"ocean_custom_logo_max_width":0,"ocean_custom_logo_tablet_max_width":0,"ocean_custom_logo_mobile_max_width":0,"ocean_custom_logo_max_height":0,"ocean_custom_logo_tablet_max_height":0,"ocean_custom_logo_mobile_max_height":0,"ocean_header_custom_menu":"0","ocean_menu_typo_font_family":"0","ocean_menu_typo_font_subset":"","ocean_menu_typo_font_size":0,"ocean_menu_typo_font_size_tablet":0,"ocean_menu_typo_font_size_mobile":0,"ocean_menu_typo_font_size_unit":"px","ocean_menu_typo_font_weight":"","ocean_menu_typo_font_weight_tablet":"","ocean_menu_typo_font_weight_mobile":"","ocean_menu_typo_transform":"","ocean_menu_typo_transform_tablet":"","ocean_menu_typo_transform_mobile":"","ocean_menu_typo_line_height":0,"ocean_menu_typo_line_height_tablet":0,"ocean_menu_typo_line_height_mobile":0,"ocean_menu_typo_line_height_unit":"","ocean_menu_typo_spacing":0,"ocean_menu_typo_spacing_tablet":0,"ocean_menu_typo_spacing_mobile":0,"ocean_menu_typo_spacing_unit":"","ocean_menu_link_color":"","ocean_menu_link_color_hover":"","ocean_menu_link_color_active":"","ocean_menu_link_background":"","ocean_menu_link_hover_background":"","ocean_menu_link_active_background":"","ocean_menu_social_links_bg":"","ocean_menu_social_hover_links_bg":"","ocean_menu_social_links_color":"","ocean_menu_social_hover_links_color":"","ocean_disable_title":"default","ocean_disable_heading":"default","ocean_post_title":"","ocean_post_subheading":"","ocean_post_title_style":"","ocean_post_title_background_color":"","ocean_post_title_background":0,"ocean_post_title_bg_image_position":"","ocean_post_title_bg_image_attachment":"","ocean_post_title_bg_image_repeat":"","ocean_post_title_bg_image_size":"","ocean_post_title_height":0,"ocean_post_title_bg_overlay":0.5,"ocean_post_title_bg_overlay_color":"","ocean_disable_breadcrumbs":"default","ocean_breadcrumbs_color":"","ocean_breadcrumbs_separator_color":"","ocean_breadcrumbs_links_color":"","ocean_breadcrumbs_links_hover_color":"","ocean_display_footer_widgets":"default","ocean_display_footer_bottom":"default","ocean_custom_footer_template":"0"},"product_cat":[25],"product_tag":[56,53,55,52,57,59,58,31,51,54],"class_list":{"0":"post-271","1":"product","2":"type-product","3":"status-publish","4":"has-post-thumbnail","6":"product_cat-creation","7":"product_tag-cadeau","8":"product_tag-ecologique","9":"product_tag-encre-vegetale","10":"product_tag-france","11":"product_tag-fruits","12":"product_tag-fruits-et-legumes","13":"product_tag-legumes","14":"product_tag-made-in-france","15":"product_tag-poster","16":"product_tag-recycle","17":"product_shipping_class-basique","19":"entry","20":"has-media","22":"first","23":"instock","24":"purchasable","25":"product-type-simple","26":"has-product-nav","27":"col","28":"span_1_of_3","29":"owp-content-center","30":"owp-thumbs-layout-horizontal","31":"owp-btn-normal","32":"owp-tabs-layout-horizontal"},"yoast_head":"<!-- This site is optimized with the Yoast SEO plugin v23.4 - https:\/\/yoast.com\/wordpress\/plugins\/seo\/ -->\n<title>Poster \u00e9cologique Fruits &amp; L\u00e9gumes de Saison - On\u00e9os<\/title>\n<meta name=\"description\" content=\"Le poster \u00e9cologique d&#039;On\u00e9os est fabriqu\u00e9 \u00e0 partir de papier recycl\u00e9 durablement et imprim\u00e9 avec des encres v\u00e9g\u00e9tales, en France. Il pr\u00e9sente de fa\u00e7on harmonieuse les fruits et l\u00e9gumes de saison au format A3, pour que vous puissiez consommer fran\u00e7ais, local et en respectant l&#039;environnement ! L&#039;emballage est garanti 100% carton biosourc\u00e9.\" \/>\n<meta name=\"robots\" content=\"index, follow, max-snippet:-1, max-image-preview:large, max-video-preview:-1\" \/>\n<link rel=\"canonical\" href=\"https:\/\/oneos.fr\/index.php\/produit\/poster_durable_fruits_et_legumes\/\" \/>\n<meta property=\"og:locale\" content=\"fr_FR\" \/>\n<meta property=\"og:type\" content=\"article\" \/>\n<meta property=\"og:title\" content=\"Poster \u00e9cologique Fruits &amp; L\u00e9gumes de Saison - On\u00e9os\" \/>\n<meta property=\"og:description\" content=\"Le poster \u00e9cologique d&#039;On\u00e9os est fabriqu\u00e9 \u00e0 partir de papier recycl\u00e9 durablement et imprim\u00e9 avec des encres v\u00e9g\u00e9tales, en France. Il pr\u00e9sente de fa\u00e7on harmonieuse les fruits et l\u00e9gumes de saison au format A3, pour que vous puissiez consommer fran\u00e7ais, local et en respectant l&#039;environnement ! L&#039;emballage est garanti 100% carton biosourc\u00e9.\" \/>\n<meta property=\"og:url\" content=\"https:\/\/oneos.fr\/index.php\/produit\/poster_durable_fruits_et_legumes\/\" \/>\n<meta property=\"og:site_name\" content=\"On\u00e9os\" \/>\n<meta property=\"article:publisher\" content=\"https:\/\/www.facebook.com\/fb.oneos\" \/>\n<meta property=\"article:modified_time\" content=\"2023-08-21T14:52:55+00:00\" \/>\n<meta property=\"og:image\" content=\"https:\/\/oneos.fr\/wp-content\/uploads\/2022\/03\/WhatsApp-Image-2022-03-18-at-13.20.50-1.jpeg\" \/>\n\t<meta property=\"og:image:width\" content=\"1200\" \/>\n\t<meta property=\"og:image:height\" content=\"1600\" \/>\n\t<meta property=\"og:image:type\" content=\"image\/jpeg\" \/>\n<meta name=\"twitter:card\" content=\"summary_large_image\" \/>\n<meta name=\"twitter:label1\" content=\"Dur\u00e9e de lecture estim\u00e9e\" \/>\n\t<meta name=\"twitter:data1\" content=\"1 minute\" \/>\n<script type=\"application\/ld+json\" class=\"yoast-schema-graph\">{\"@context\":\"https:\/\/schema.org\",\"@graph\":[{\"@type\":\"WebPage\",\"@id\":\"https:\/\/oneos.fr\/index.php\/produit\/poster_durable_fruits_et_legumes\/\",\"url\":\"https:\/\/oneos.fr\/index.php\/produit\/poster_durable_fruits_et_legumes\/\",\"name\":\"Poster \u00e9cologique Fruits & L\u00e9gumes de Saison - On\u00e9os\",\"isPartOf\":{\"@id\":\"https:\/\/oneos.fr\/#website\"},\"primaryImageOfPage\":{\"@id\":\"https:\/\/oneos.fr\/index.php\/produit\/poster_durable_fruits_et_legumes\/#primaryimage\"},\"image\":{\"@id\":\"https:\/\/oneos.fr\/index.php\/produit\/poster_durable_fruits_et_legumes\/#primaryimage\"},\"thumbnailUrl\":\"https:\/\/i0.wp.com\/oneos.fr\/wp-content\/uploads\/2022\/03\/WhatsApp-Image-2022-03-18-at-13.20.50-1.jpeg?fit=1200%2C1600&ssl=1\",\"datePublished\":\"2022-03-15T22:36:50+00:00\",\"dateModified\":\"2023-08-21T14:52:55+00:00\",\"description\":\"Le poster \u00e9cologique d'On\u00e9os est fabriqu\u00e9 \u00e0 partir de papier recycl\u00e9 durablement et imprim\u00e9 avec des encres v\u00e9g\u00e9tales, en France. Il pr\u00e9sente de fa\u00e7on harmonieuse les fruits et l\u00e9gumes de saison au format A3, pour que vous puissiez consommer fran\u00e7ais, local et en respectant l'environnement ! L'emballage est garanti 100% carton biosourc\u00e9.\",\"breadcrumb\":{\"@id\":\"https:\/\/oneos.fr\/index.php\/produit\/poster_durable_fruits_et_legumes\/#breadcrumb\"},\"inLanguage\":\"fr-FR\",\"potentialAction\":[{\"@type\":\"ReadAction\",\"target\":[\"https:\/\/oneos.fr\/index.php\/produit\/poster_durable_fruits_et_legumes\/\"]}]},{\"@type\":\"ImageObject\",\"inLanguage\":\"fr-FR\",\"@id\":\"https:\/\/oneos.fr\/index.php\/produit\/poster_durable_fruits_et_legumes\/#primaryimage\",\"url\":\"https:\/\/i0.wp.com\/oneos.fr\/wp-content\/uploads\/2022\/03\/WhatsApp-Image-2022-03-18-at-13.20.50-1.jpeg?fit=1200%2C1600&ssl=1\",\"contentUrl\":\"https:\/\/i0.wp.com\/oneos.fr\/wp-content\/uploads\/2022\/03\/WhatsApp-Image-2022-03-18-at-13.20.50-1.jpeg?fit=1200%2C1600&ssl=1\",\"width\":1200,\"height\":1600},{\"@type\":\"BreadcrumbList\",\"@id\":\"https:\/\/oneos.fr\/index.php\/produit\/poster_durable_fruits_et_legumes\/#breadcrumb\",\"itemListElement\":[{\"@type\":\"ListItem\",\"position\":1,\"name\":\"Accueil\",\"item\":\"https:\/\/oneos.fr\/\"},{\"@type\":\"ListItem\",\"position\":2,\"name\":\"Boutique\",\"item\":\"https:\/\/oneos.fr\/index.php\/boutique\/\"},{\"@type\":\"ListItem\",\"position\":3,\"name\":\"Poster \u00e9cologique Fruits &#038; L\u00e9gumes de Saison\"}]},{\"@type\":\"WebSite\",\"@id\":\"https:\/\/oneos.fr\/#website\",\"url\":\"https:\/\/oneos.fr\/\",\"name\":\"On\u00e9os\",\"description\":\"\",\"potentialAction\":[{\"@type\":\"SearchAction\",\"target\":{\"@type\":\"EntryPoint\",\"urlTemplate\":\"https:\/\/oneos.fr\/?s={search_term_string}\"},\"query-input\":{\"@type\":\"PropertyValueSpecification\",\"valueRequired\":true,\"valueName\":\"search_term_string\"}}],\"inLanguage\":\"fr-FR\"}]}<\/script>\n<!-- \/ Yoast SEO plugin. -->","yoast_head_json":{"title":"Poster \u00e9cologique Fruits & L\u00e9gumes de Saison - On\u00e9os","description":"Le poster \u00e9cologique d'On\u00e9os est fabriqu\u00e9 \u00e0 partir de papier recycl\u00e9 durablement et imprim\u00e9 avec des encres v\u00e9g\u00e9tales, en France. Il pr\u00e9sente de fa\u00e7on harmonieuse les fruits et l\u00e9gumes de saison au format A3, pour que vous puissiez consommer fran\u00e7ais, local et en respectant l'environnement ! L'emballage est garanti 100% carton biosourc\u00e9.","robots":{"index":"index","follow":"follow","max-snippet":"max-snippet:-1","max-image-preview":"max-image-preview:large","max-video-preview":"max-video-preview:-1"},"canonical":"https:\/\/oneos.fr\/index.php\/produit\/poster_durable_fruits_et_legumes\/","og_locale":"fr_FR","og_type":"article","og_title":"Poster \u00e9cologique Fruits & L\u00e9gumes de Saison - On\u00e9os","og_description":"Le poster \u00e9cologique d'On\u00e9os est fabriqu\u00e9 \u00e0 partir de papier recycl\u00e9 durablement et imprim\u00e9 avec des encres v\u00e9g\u00e9tales, en France. Il pr\u00e9sente de fa\u00e7on harmonieuse les fruits et l\u00e9gumes de saison au format A3, pour que vous puissiez consommer fran\u00e7ais, local et en respectant l'environnement ! L'emballage est garanti 100% carton biosourc\u00e9.","og_url":"https:\/\/oneos.fr\/index.php\/produit\/poster_durable_fruits_et_legumes\/","og_site_name":"On\u00e9os","article_publisher":"https:\/\/www.facebook.com\/fb.oneos","article_modified_time":"2023-08-21T14:52:55+00:00","og_image":[{"width":1200,"height":1600,"url":"https:\/\/oneos.fr\/wp-content\/uploads\/2022\/03\/WhatsApp-Image-2022-03-18-at-13.20.50-1.jpeg","type":"image\/jpeg"}],"twitter_card":"summary_large_image","twitter_misc":{"Dur\u00e9e de lecture estim\u00e9e":"1 minute"},"schema":{"@context":"https:\/\/schema.org","@graph":[{"@type":"WebPage","@id":"https:\/\/oneos.fr\/index.php\/produit\/poster_durable_fruits_et_legumes\/","url":"https:\/\/oneos.fr\/index.php\/produit\/poster_durable_fruits_et_legumes\/","name":"Poster \u00e9cologique Fruits & L\u00e9gumes de Saison - On\u00e9os","isPartOf":{"@id":"https:\/\/oneos.fr\/#website"},"primaryImageOfPage":{"@id":"https:\/\/oneos.fr\/index.php\/produit\/poster_durable_fruits_et_legumes\/#primaryimage"},"image":{"@id":"https:\/\/oneos.fr\/index.php\/produit\/poster_durable_fruits_et_legumes\/#primaryimage"},"thumbnailUrl":"https:\/\/i0.wp.com\/oneos.fr\/wp-content\/uploads\/2022\/03\/WhatsApp-Image-2022-03-18-at-13.20.50-1.jpeg?fit=1200%2C1600&ssl=1","datePublished":"2022-03-15T22:36:50+00:00","dateModified":"2023-08-21T14:52:55+00:00","description":"Le poster \u00e9cologique d'On\u00e9os est fabriqu\u00e9 \u00e0 partir de papier recycl\u00e9 durablement et imprim\u00e9 avec des encres v\u00e9g\u00e9tales, en France. Il pr\u00e9sente de fa\u00e7on harmonieuse les fruits et l\u00e9gumes de saison au format A3, pour que vous puissiez consommer fran\u00e7ais, local et en respectant l'environnement ! L'emballage est garanti 100% carton biosourc\u00e9.","breadcrumb":{"@id":"https:\/\/oneos.fr\/index.php\/produit\/poster_durable_fruits_et_legumes\/#breadcrumb"},"inLanguage":"fr-FR","potentialAction":[{"@type":"ReadAction","target":["https:\/\/oneos.fr\/index.php\/produit\/poster_durable_fruits_et_legumes\/"]}]},{"@type":"ImageObject","inLanguage":"fr-FR","@id":"https:\/\/oneos.fr\/index.php\/produit\/poster_durable_fruits_et_legumes\/#primaryimage","url":"https:\/\/i0.wp.com\/oneos.fr\/wp-content\/uploads\/2022\/03\/WhatsApp-Image-2022-03-18-at-13.20.50-1.jpeg?fit=1200%2C1600&ssl=1","contentUrl":"https:\/\/i0.wp.com\/oneos.fr\/wp-content\/uploads\/2022\/03\/WhatsApp-Image-2022-03-18-at-13.20.50-1.jpeg?fit=1200%2C1600&ssl=1","width":1200,"height":1600},{"@type":"BreadcrumbList","@id":"https:\/\/oneos.fr\/index.php\/produit\/poster_durable_fruits_et_legumes\/#breadcrumb","itemListElement":[{"@type":"ListItem","position":1,"name":"Accueil","item":"https:\/\/oneos.fr\/"},{"@type":"ListItem","position":2,"name":"Boutique","item":"https:\/\/oneos.fr\/index.php\/boutique\/"},{"@type":"ListItem","position":3,"name":"Poster \u00e9cologique Fruits &#038; L\u00e9gumes de Saison"}]},{"@type":"WebSite","@id":"https:\/\/oneos.fr\/#website","url":"https:\/\/oneos.fr\/","name":"On\u00e9os","description":"","potentialAction":[{"@type":"SearchAction","target":{"@type":"EntryPoint","urlTemplate":"https:\/\/oneos.fr\/?s={search_term_string}"},"query-input":{"@type":"PropertyValueSpecification","valueRequired":true,"valueName":"search_term_string"}}],"inLanguage":"fr-FR"}]}},"jetpack-related-posts":[],"jetpack_sharing_enabled":true,"_links":{"self":[{"href":"https:\/\/oneos.fr\/index.php\/wp-json\/wp\/v2\/product\/271"}],"collection":[{"href":"https:\/\/oneos.fr\/index.php\/wp-json\/wp\/v2\/product"}],"about":[{"href":"https:\/\/oneos.fr\/index.php\/wp-json\/wp\/v2\/types\/product"}],"replies":[{"embeddable":true,"href":"https:\/\/oneos.fr\/index.php\/wp-json\/wp\/v2\/comments?post=271"}],"wp:featuredmedia":[{"embeddable":true,"href":"https:\/\/oneos.fr\/index.php\/wp-json\/wp\/v2\/media\/297"}],"wp:attachment":[{"href":"https:\/\/oneos.fr\/index.php\/wp-json\/wp\/v2\/media?parent=271"}],"wp:term":[{"taxonomy":"product_cat","embeddable":true,"href":"https:\/\/oneos.fr\/index.php\/wp-json\/wp\/v2\/product_cat?post=271"},{"taxonomy":"product_tag","embeddable":true,"href":"https:\/\/oneos.fr\/index.php\/wp-json\/wp\/v2\/product_tag?post=271"}],"curies":[{"name":"wp","href":"https:\/\/api.w.org\/{rel}","templated":true}]}}