{"id":67,"date":"2021-10-17T09:38:05","date_gmt":"2021-10-17T07:38:05","guid":{"rendered":"https:\/\/oneos.fr\/?page_id=67"},"modified":"2023-08-08T13:13:11","modified_gmt":"2023-08-08T11:13:11","slug":"atelier","status":"publish","type":"page","link":"https:\/\/oneos.fr\/index.php\/atelier\/","title":{"rendered":"On\u00e9os Atelier"},"content":{"rendered":"<p>Dans notre atelier, on r\u00e9cup\u00e8re, on cr\u00e9\u00e9, on assemble pour vous offrir des objets uniques et respectueux de l&#8217;environnement. Nous participons activement de cette fa\u00e7on \u00e0 la lutte contre le gaspillage et \u00e0 la surconsommation, car nos produits sont fiables et ont une looongue dur\u00e9e de vie ! De plus, nous \u00e9vitons d&#8217;\u00e9normes \u00e9missions dues \u00e0 l&#8217;extraction de nouveaux mat\u00e9riaux et \u00e0 leur transformation.<\/p>\n<style>\/*! elementor - v3.5.5 - 03-02-2022 *\/<br \/>\n@media (min-width:768px){.elementor-widget-icon-box.elementor-position-left .elementor-icon-box-wrapper,.elementor-widget-icon-box.elementor-position-right .elementor-icon-box-wrapper{display:-webkit-box;display:-ms-flexbox;display:flex}.elementor-widget-icon-box.elementor-position-left .elementor-icon-box-icon,.elementor-widget-icon-box.elementor-position-right .elementor-icon-box-icon{display:-webkit-inline-box;display:-ms-inline-flexbox;display:inline-flex;-webkit-box-flex:0;-ms-flex:0 0 auto;flex:0 0 auto}.elementor-widget-icon-box.elementor-position-right .elementor-icon-box-wrapper{text-align:right;-webkit-box-orient:horizontal;-webkit-box-direction:reverse;-ms-flex-direction:row-reverse;flex-direction:row-reverse}.elementor-widget-icon-box.elementor-position-left .elementor-icon-box-wrapper{text-align:left;-webkit-box-orient:horizontal;-webkit-box-direction:normal;-ms-flex-direction:row;flex-direction:row}.elementor-widget-icon-box.elementor-position-top .elementor-icon-box-img{margin:auto}.elementor-widget-icon-box.elementor-vertical-align-top .elementor-icon-box-wrapper{-webkit-box-align:start;-ms-flex-align:start;align-items:flex-start}.elementor-widget-icon-box.elementor-vertical-align-middle .elementor-icon-box-wrapper{-webkit-box-align:center;-ms-flex-align:center;align-items:center}.elementor-widget-icon-box.elementor-vertical-align-bottom .elementor-icon-box-wrapper{-webkit-box-align:end;-ms-flex-align:end;align-items:flex-end}}@media (max-width:767px){.elementor-widget-icon-box .elementor-icon-box-icon{margin-left:auto!important;margin-right:auto!important;margin-bottom:15px}}.elementor-widget-icon-box .elementor-icon-box-wrapper{text-align:center}.elementor-widget-icon-box .elementor-icon-box-title a{color:inherit}.elementor-widget-icon-box .elementor-icon-box-content{-webkit-box-flex:1;-ms-flex-positive:1;flex-grow:1}.elementor-widget-icon-box .elementor-icon-box-description{margin:0}<\/style>\n<h3>\n\t\t\t\t\t\tComment fixons-nous nos prix ?<\/h3>\n<p>Parce que nous sommes attach\u00e9s \u00e0 donner de la transparence \u00e0 nos clients, nous vous donnons ci-dessous les raisons de croire que nos montants sont r\u00e9ellement justifi\u00e9s.<\/p>\n<p style=\"text-align: center;\">\u2192 Une valorisation du travail \u00e0 15 euros\/h.<\/p>\n<p style=\"text-align: center;\">\u2192 Prise en compte de la valeur des mat\u00e9riaux de base.<\/p>\n<p style=\"text-align: center;\">\u2192 20% li\u00e9s aux imp\u00f4ts sur les gains d&#8217;On\u00e9os<\/p>\n<p style=\"text-align: center;\">\u2192 C&#8217;est tout.<\/p>\n<p style=\"text-align: center;\">\u2192 Pas de frais de transport, nous privil\u00e9gions la vente locale.<\/p>\n<p style=\"text-align: center;\">\u2192 Pas de revendeur, c&#8217;est un circuit court.<\/p>\n<style>\/*! elementor - v3.5.5 - 03-02-2022 *\/<br \/>\n.elementor-widget-image{text-align:center}.elementor-widget-image a{display:inline-block}.elementor-widget-image a img[src$=\".svg\"]{width:48px}.elementor-widget-image img{vertical-align:middle;display:inline-block}<\/style>\n<p>\t\t\t\t\t\t\t\t\t\t\t\t<img data-recalc-dims=\"1\" loading=\"lazy\" decoding=\"async\" width=\"1024\" height=\"1024\" src=\"https:\/\/i0.wp.com\/oneos.fr\/wp-content\/uploads\/2021\/10\/Beige-Green-and-Pink-Blob-Organic-Sale-Quick-Create-Instagram-Post.png?resize=1024%2C1024&#038;ssl=1\" alt=\"\" loading=\"lazy\" srcset=\"https:\/\/i0.wp.com\/oneos.fr\/wp-content\/uploads\/2021\/10\/Beige-Green-and-Pink-Blob-Organic-Sale-Quick-Create-Instagram-Post.png?resize=1024%2C1024&amp;ssl=1 1024w, https:\/\/i0.wp.com\/oneos.fr\/wp-content\/uploads\/2021\/10\/Beige-Green-and-Pink-Blob-Organic-Sale-Quick-Create-Instagram-Post.png?resize=300%2C300&amp;ssl=1 300w, https:\/\/i0.wp.com\/oneos.fr\/wp-content\/uploads\/2021\/10\/Beige-Green-and-Pink-Blob-Organic-Sale-Quick-Create-Instagram-Post.png?resize=150%2C150&amp;ssl=1 150w, https:\/\/i0.wp.com\/oneos.fr\/wp-content\/uploads\/2021\/10\/Beige-Green-and-Pink-Blob-Organic-Sale-Quick-Create-Instagram-Post.png?resize=768%2C768&amp;ssl=1 768w, https:\/\/i0.wp.com\/oneos.fr\/wp-content\/uploads\/2021\/10\/Beige-Green-and-Pink-Blob-Organic-Sale-Quick-Create-Instagram-Post.png?resize=600%2C600&amp;ssl=1 600w, https:\/\/i0.wp.com\/oneos.fr\/wp-content\/uploads\/2021\/10\/Beige-Green-and-Pink-Blob-Organic-Sale-Quick-Create-Instagram-Post.png?resize=100%2C100&amp;ssl=1 100w, https:\/\/i0.wp.com\/oneos.fr\/wp-content\/uploads\/2021\/10\/Beige-Green-and-Pink-Blob-Organic-Sale-Quick-Create-Instagram-Post.png?w=1080&amp;ssl=1 1080w\" sizes=\"(max-width: 1024px) 100vw, 1024px\"><\/p>\n<h2><strong>Les premiers retours<\/strong><\/h2>\n<p>Notre premier retour client (pour l&#8217;instant le seul) nous permet d&#8217;afficher une statistique exceptionnelle : 100% de nos acheteurs sont enti\u00e8rement satisfaits de nos produits ! Ce n&#8217;est pas incroyable \u00e7a ?<\/p>\n<h2>Le lien vers la boutique<\/h2>\n<p>Vous pouvez, en cliquant sur ce beau bouton ci-dessous, acc\u00e9der \u00e0 notre boutique pour visualiser ce que nous avons en ce moment en stock. Le p\u00f4le atelier n&#8217;y sera peut-\u00eatre pas le plus repr\u00e9sent\u00e9, car nous sommes encore \u00e9tudiants et manquons de temps pour satisfaire la demande.<\/p>\n<p><a href=\"https:\/\/oneos.fr\/index.php\/boutique\/\" role=\"button\"><br \/>\nReste-t-il des objets On\u00e9os dans la boutique ?<br \/>\n<\/a><\/p>\n","protected":false},"excerpt":{"rendered":"<p>Dans notre atelier, on r\u00e9cup\u00e8re, on cr\u00e9\u00e9, on assemble pour vous offrir des objets uniques et respectueux de l&#8217;environnement. Nous participons activement de cette fa\u00e7on \u00e0 la lutte contre le gaspillage et \u00e0 la surconsommation, car nos produits sont fiables et ont une looongue dur\u00e9e de vie ! De plus, nous \u00e9vitons d&#8217;\u00e9normes \u00e9missions dues [&hellip;]<\/p>\n","protected":false},"author":1,"featured_media":68,"parent":0,"menu_order":0,"comment_status":"closed","ping_status":"closed","template":"","meta":{"ocean_post_layout":"","ocean_both_sidebars_style":"","ocean_both_sidebars_content_width":0,"ocean_both_sidebars_sidebars_width":0,"ocean_sidebar":"0","ocean_second_sidebar":"0","ocean_disable_margins":"enable","ocean_add_body_class":"","ocean_shortcode_before_top_bar":"","ocean_shortcode_after_top_bar":"","ocean_shortcode_before_header":"","ocean_shortcode_after_header":"","ocean_has_shortcode":"","ocean_shortcode_after_title":"","ocean_shortcode_before_footer_widgets":"","ocean_shortcode_after_footer_widgets":"","ocean_shortcode_before_footer_bottom":"","ocean_shortcode_after_footer_bottom":"","ocean_display_top_bar":"default","ocean_display_header":"default","ocean_header_style":"","ocean_center_header_left_menu":"0","ocean_custom_header_template":"0","ocean_custom_logo":0,"ocean_custom_retina_logo":0,"ocean_custom_logo_max_width":0,"ocean_custom_logo_tablet_max_width":0,"ocean_custom_logo_mobile_max_width":0,"ocean_custom_logo_max_height":0,"ocean_custom_logo_tablet_max_height":0,"ocean_custom_logo_mobile_max_height":0,"ocean_header_custom_menu":"0","ocean_menu_typo_font_family":"0","ocean_menu_typo_font_subset":"","ocean_menu_typo_font_size":0,"ocean_menu_typo_font_size_tablet":0,"ocean_menu_typo_font_size_mobile":0,"ocean_menu_typo_font_size_unit":"px","ocean_menu_typo_font_weight":"","ocean_menu_typo_font_weight_tablet":"","ocean_menu_typo_font_weight_mobile":"","ocean_menu_typo_transform":"","ocean_menu_typo_transform_tablet":"","ocean_menu_typo_transform_mobile":"","ocean_menu_typo_line_height":0,"ocean_menu_typo_line_height_tablet":0,"ocean_menu_typo_line_height_mobile":0,"ocean_menu_typo_line_height_unit":"","ocean_menu_typo_spacing":0,"ocean_menu_typo_spacing_tablet":0,"ocean_menu_typo_spacing_mobile":0,"ocean_menu_typo_spacing_unit":"","ocean_menu_link_color":"","ocean_menu_link_color_hover":"","ocean_menu_link_color_active":"","ocean_menu_link_background":"","ocean_menu_link_hover_background":"","ocean_menu_link_active_background":"","ocean_menu_social_links_bg":"","ocean_menu_social_hover_links_bg":"","ocean_menu_social_links_color":"","ocean_menu_social_hover_links_color":"","ocean_disable_title":"default","ocean_disable_heading":"default","ocean_post_title":"","ocean_post_subheading":"","ocean_post_title_style":"","ocean_post_title_background_color":"","ocean_post_title_background":0,"ocean_post_title_bg_image_position":"","ocean_post_title_bg_image_attachment":"","ocean_post_title_bg_image_repeat":"","ocean_post_title_bg_image_size":"","ocean_post_title_height":0,"ocean_post_title_bg_overlay":0.5,"ocean_post_title_bg_overlay_color":"","ocean_disable_breadcrumbs":"default","ocean_breadcrumbs_color":"","ocean_breadcrumbs_separator_color":"","ocean_breadcrumbs_links_color":"","ocean_breadcrumbs_links_hover_color":"","ocean_display_footer_widgets":"default","ocean_display_footer_bottom":"default","ocean_custom_footer_template":"0","footnotes":""},"class_list":["post-67","page","type-page","status-publish","has-post-thumbnail","hentry","entry","has-media","owp-thumbs-layout-horizontal","owp-btn-normal","owp-tabs-layout-horizontal","has-no-thumbnails","has-product-nav"],"yoast_head":"<!-- This site is optimized with the Yoast SEO plugin v23.4 - https:\/\/yoast.com\/wordpress\/plugins\/seo\/ -->\n<title>On\u00e9os Atelier - Des objets uniques et durables pour votre quotidien<\/title>\n<meta name=\"description\" content=\"Dans notre atelier, nous prenons soin de vous confectionner du mobilier, des luminaires ou des objets uniques \u00e0 l&#039;aide de mat\u00e9riaux recycl\u00e9s.\" \/>\n<meta name=\"robots\" content=\"index, follow, max-snippet:-1, max-image-preview:large, max-video-preview:-1\" \/>\n<link rel=\"canonical\" href=\"https:\/\/oneos.fr\/index.php\/atelier\/\" \/>\n<meta property=\"og:locale\" content=\"fr_FR\" \/>\n<meta property=\"og:type\" content=\"article\" \/>\n<meta property=\"og:title\" content=\"On\u00e9os Atelier - Des objets uniques et durables pour votre quotidien\" \/>\n<meta property=\"og:description\" content=\"Dans notre atelier, nous prenons soin de vous confectionner du mobilier, des luminaires ou des objets uniques \u00e0 l&#039;aide de mat\u00e9riaux recycl\u00e9s.\" \/>\n<meta property=\"og:url\" content=\"https:\/\/oneos.fr\/index.php\/atelier\/\" \/>\n<meta property=\"og:site_name\" content=\"On\u00e9os\" \/>\n<meta property=\"article:publisher\" content=\"https:\/\/www.facebook.com\/fb.oneos\" \/>\n<meta property=\"article:modified_time\" content=\"2023-08-08T11:13:11+00:00\" \/>\n<meta property=\"og:image\" content=\"https:\/\/oneos.fr\/wp-content\/uploads\/2021\/10\/tools-1209764_1920.jpg\" \/>\n\t<meta property=\"og:image:width\" content=\"1920\" \/>\n\t<meta property=\"og:image:height\" content=\"1280\" \/>\n\t<meta property=\"og:image:type\" content=\"image\/jpeg\" \/>\n<meta name=\"twitter:card\" content=\"summary_large_image\" \/>\n<meta name=\"twitter:label1\" content=\"Dur\u00e9e de lecture estim\u00e9e\" \/>\n\t<meta name=\"twitter:data1\" content=\"2 minutes\" \/>\n<script type=\"application\/ld+json\" class=\"yoast-schema-graph\">{\"@context\":\"https:\/\/schema.org\",\"@graph\":[{\"@type\":\"WebPage\",\"@id\":\"https:\/\/oneos.fr\/index.php\/atelier\/\",\"url\":\"https:\/\/oneos.fr\/index.php\/atelier\/\",\"name\":\"On\u00e9os Atelier - Des objets uniques et durables pour votre quotidien\",\"isPartOf\":{\"@id\":\"https:\/\/oneos.fr\/#website\"},\"primaryImageOfPage\":{\"@id\":\"https:\/\/oneos.fr\/index.php\/atelier\/#primaryimage\"},\"image\":{\"@id\":\"https:\/\/oneos.fr\/index.php\/atelier\/#primaryimage\"},\"thumbnailUrl\":\"https:\/\/i0.wp.com\/oneos.fr\/wp-content\/uploads\/2021\/10\/tools-1209764_1920.jpg?fit=1920%2C1280&ssl=1\",\"datePublished\":\"2021-10-17T07:38:05+00:00\",\"dateModified\":\"2023-08-08T11:13:11+00:00\",\"description\":\"Dans notre atelier, nous prenons soin de vous confectionner du mobilier, des luminaires ou des objets uniques \u00e0 l'aide de mat\u00e9riaux recycl\u00e9s.\",\"breadcrumb\":{\"@id\":\"https:\/\/oneos.fr\/index.php\/atelier\/#breadcrumb\"},\"inLanguage\":\"fr-FR\",\"potentialAction\":[{\"@type\":\"ReadAction\",\"target\":[\"https:\/\/oneos.fr\/index.php\/atelier\/\"]}]},{\"@type\":\"ImageObject\",\"inLanguage\":\"fr-FR\",\"@id\":\"https:\/\/oneos.fr\/index.php\/atelier\/#primaryimage\",\"url\":\"https:\/\/i0.wp.com\/oneos.fr\/wp-content\/uploads\/2021\/10\/tools-1209764_1920.jpg?fit=1920%2C1280&ssl=1\",\"contentUrl\":\"https:\/\/i0.wp.com\/oneos.fr\/wp-content\/uploads\/2021\/10\/tools-1209764_1920.jpg?fit=1920%2C1280&ssl=1\",\"width\":1920,\"height\":1280},{\"@type\":\"BreadcrumbList\",\"@id\":\"https:\/\/oneos.fr\/index.php\/atelier\/#breadcrumb\",\"itemListElement\":[{\"@type\":\"ListItem\",\"position\":1,\"name\":\"Accueil\",\"item\":\"https:\/\/oneos.fr\/\"},{\"@type\":\"ListItem\",\"position\":2,\"name\":\"On\u00e9os Atelier\"}]},{\"@type\":\"WebSite\",\"@id\":\"https:\/\/oneos.fr\/#website\",\"url\":\"https:\/\/oneos.fr\/\",\"name\":\"On\u00e9os\",\"description\":\"\",\"potentialAction\":[{\"@type\":\"SearchAction\",\"target\":{\"@type\":\"EntryPoint\",\"urlTemplate\":\"https:\/\/oneos.fr\/?s={search_term_string}\"},\"query-input\":{\"@type\":\"PropertyValueSpecification\",\"valueRequired\":true,\"valueName\":\"search_term_string\"}}],\"inLanguage\":\"fr-FR\"}]}<\/script>\n<!-- \/ Yoast SEO plugin. -->","yoast_head_json":{"title":"On\u00e9os Atelier - Des objets uniques et durables pour votre quotidien","description":"Dans notre atelier, nous prenons soin de vous confectionner du mobilier, des luminaires ou des objets uniques \u00e0 l'aide de mat\u00e9riaux recycl\u00e9s.","robots":{"index":"index","follow":"follow","max-snippet":"max-snippet:-1","max-image-preview":"max-image-preview:large","max-video-preview":"max-video-preview:-1"},"canonical":"https:\/\/oneos.fr\/index.php\/atelier\/","og_locale":"fr_FR","og_type":"article","og_title":"On\u00e9os Atelier - Des objets uniques et durables pour votre quotidien","og_description":"Dans notre atelier, nous prenons soin de vous confectionner du mobilier, des luminaires ou des objets uniques \u00e0 l'aide de mat\u00e9riaux recycl\u00e9s.","og_url":"https:\/\/oneos.fr\/index.php\/atelier\/","og_site_name":"On\u00e9os","article_publisher":"https:\/\/www.facebook.com\/fb.oneos","article_modified_time":"2023-08-08T11:13:11+00:00","og_image":[{"width":1920,"height":1280,"url":"https:\/\/oneos.fr\/wp-content\/uploads\/2021\/10\/tools-1209764_1920.jpg","type":"image\/jpeg"}],"twitter_card":"summary_large_image","twitter_misc":{"Dur\u00e9e de lecture estim\u00e9e":"2 minutes"},"schema":{"@context":"https:\/\/schema.org","@graph":[{"@type":"WebPage","@id":"https:\/\/oneos.fr\/index.php\/atelier\/","url":"https:\/\/oneos.fr\/index.php\/atelier\/","name":"On\u00e9os Atelier - Des objets uniques et durables pour votre quotidien","isPartOf":{"@id":"https:\/\/oneos.fr\/#website"},"primaryImageOfPage":{"@id":"https:\/\/oneos.fr\/index.php\/atelier\/#primaryimage"},"image":{"@id":"https:\/\/oneos.fr\/index.php\/atelier\/#primaryimage"},"thumbnailUrl":"https:\/\/i0.wp.com\/oneos.fr\/wp-content\/uploads\/2021\/10\/tools-1209764_1920.jpg?fit=1920%2C1280&ssl=1","datePublished":"2021-10-17T07:38:05+00:00","dateModified":"2023-08-08T11:13:11+00:00","description":"Dans notre atelier, nous prenons soin de vous confectionner du mobilier, des luminaires ou des objets uniques \u00e0 l'aide de mat\u00e9riaux recycl\u00e9s.","breadcrumb":{"@id":"https:\/\/oneos.fr\/index.php\/atelier\/#breadcrumb"},"inLanguage":"fr-FR","potentialAction":[{"@type":"ReadAction","target":["https:\/\/oneos.fr\/index.php\/atelier\/"]}]},{"@type":"ImageObject","inLanguage":"fr-FR","@id":"https:\/\/oneos.fr\/index.php\/atelier\/#primaryimage","url":"https:\/\/i0.wp.com\/oneos.fr\/wp-content\/uploads\/2021\/10\/tools-1209764_1920.jpg?fit=1920%2C1280&ssl=1","contentUrl":"https:\/\/i0.wp.com\/oneos.fr\/wp-content\/uploads\/2021\/10\/tools-1209764_1920.jpg?fit=1920%2C1280&ssl=1","width":1920,"height":1280},{"@type":"BreadcrumbList","@id":"https:\/\/oneos.fr\/index.php\/atelier\/#breadcrumb","itemListElement":[{"@type":"ListItem","position":1,"name":"Accueil","item":"https:\/\/oneos.fr\/"},{"@type":"ListItem","position":2,"name":"On\u00e9os Atelier"}]},{"@type":"WebSite","@id":"https:\/\/oneos.fr\/#website","url":"https:\/\/oneos.fr\/","name":"On\u00e9os","description":"","potentialAction":[{"@type":"SearchAction","target":{"@type":"EntryPoint","urlTemplate":"https:\/\/oneos.fr\/?s={search_term_string}"},"query-input":{"@type":"PropertyValueSpecification","valueRequired":true,"valueName":"search_term_string"}}],"inLanguage":"fr-FR"}]}},"jetpack-related-posts":[],"jetpack_sharing_enabled":true,"_links":{"self":[{"href":"https:\/\/oneos.fr\/index.php\/wp-json\/wp\/v2\/pages\/67"}],"collection":[{"href":"https:\/\/oneos.fr\/index.php\/wp-json\/wp\/v2\/pages"}],"about":[{"href":"https:\/\/oneos.fr\/index.php\/wp-json\/wp\/v2\/types\/page"}],"author":[{"embeddable":true,"href":"https:\/\/oneos.fr\/index.php\/wp-json\/wp\/v2\/users\/1"}],"replies":[{"embeddable":true,"href":"https:\/\/oneos.fr\/index.php\/wp-json\/wp\/v2\/comments?post=67"}],"version-history":[{"count":50,"href":"https:\/\/oneos.fr\/index.php\/wp-json\/wp\/v2\/pages\/67\/revisions"}],"predecessor-version":[{"id":475,"href":"https:\/\/oneos.fr\/index.php\/wp-json\/wp\/v2\/pages\/67\/revisions\/475"}],"wp:featuredmedia":[{"embeddable":true,"href":"https:\/\/oneos.fr\/index.php\/wp-json\/wp\/v2\/media\/68"}],"wp:attachment":[{"href":"https:\/\/oneos.fr\/index.php\/wp-json\/wp\/v2\/media?parent=67"}],"curies":[{"name":"wp","href":"https:\/\/api.w.org\/{rel}","templated":true}]}}