{"id":24,"date":"2021-10-13T22:36:48","date_gmt":"2021-10-13T20:36:48","guid":{"rendered":"https:\/\/oneos.fr\/?page_id=24"},"modified":"2023-01-15T21:48:39","modified_gmt":"2023-01-15T20:48:39","slug":"contact","status":"publish","type":"page","link":"https:\/\/oneos.fr\/index.php\/contact\/","title":{"rendered":"Contact"},"content":{"rendered":"\t\t<div data-elementor-type=\"wp-page\" data-elementor-id=\"24\" class=\"elementor elementor-24\">\n\t\t\t\t\t\t<section class=\"elementor-section elementor-top-section elementor-element elementor-element-76e974a elementor-section-boxed elementor-section-height-default elementor-section-height-default\" data-id=\"76e974a\" data-element_type=\"section\">\n\t\t\t\t\t\t<div class=\"elementor-container elementor-column-gap-default\">\n\t\t\t\t\t<div class=\"elementor-column elementor-col-100 elementor-top-column elementor-element elementor-element-cb1ef87\" data-id=\"cb1ef87\" data-element_type=\"column\">\n\t\t\t<div class=\"elementor-widget-wrap elementor-element-populated\">\n\t\t\t\t\t\t<div class=\"elementor-element elementor-element-16816f0 elementor-widget elementor-widget-text-editor\" data-id=\"16816f0\" data-element_type=\"widget\" data-widget_type=\"text-editor.default\">\n\t\t\t\t<div class=\"elementor-widget-container\">\n\t\t\t\t\t\t\t<p style=\"text-align: center;\">Faites-nous part de vos projets de cr\u00e9ation de mobilier, de d\u00e9coration int\u00e9rieure ou ext\u00e9rieure et de r\u00e9novation ici ! Nous vous aiderons \u00e0 trouver la meilleure solution pour vous et pour l&#8217;environnement.<\/p>\t\t\t\t\t\t<\/div>\n\t\t\t\t<\/div>\n\t\t\t\t\t<\/div>\n\t\t<\/div>\n\t\t\t\t\t<\/div>\n\t\t<\/section>\n\t\t\t\t<section class=\"elementor-section elementor-top-section elementor-element elementor-element-e4e9668 elementor-section-boxed elementor-section-height-default elementor-section-height-default\" data-id=\"e4e9668\" data-element_type=\"section\">\n\t\t\t\t\t\t<div class=\"elementor-container elementor-column-gap-default\">\n\t\t\t\t\t<div class=\"elementor-column elementor-col-100 elementor-top-column elementor-element elementor-element-1d29a126\" data-id=\"1d29a126\" data-element_type=\"column\">\n\t\t\t<div class=\"elementor-widget-wrap elementor-element-populated\">\n\t\t\t\t\t\t<div class=\"elementor-element elementor-element-c478992 elementor-widget elementor-widget-heading\" data-id=\"c478992\" data-element_type=\"widget\" data-widget_type=\"heading.default\">\n\t\t\t\t<div class=\"elementor-widget-container\">\n\t\t\t<h2 class=\"elementor-heading-title elementor-size-default\">Valentin JUDEE - Fondateur d'On\u00e9os<\/h2>\t\t<\/div>\n\t\t\t\t<\/div>\n\t\t\t\t<div class=\"elementor-element elementor-element-3ce48fe elementor-widget elementor-widget-image\" data-id=\"3ce48fe\" data-element_type=\"widget\" data-widget_type=\"image.default\">\n\t\t\t\t<div class=\"elementor-widget-container\">\n\t\t\t\t\t\t\t\t\t\t\t\t\t<img decoding=\"async\" src=\"https:\/\/i0.wp.com\/oneos.fr\/wp-content\/uploads\/2021\/10\/WhatsApp-Image-2021-10-21-at-00.08.26-e1634768316194.jpeg?fit=300%2C350&#038;ssl=1\" title=\"WhatsApp Image 2021-10-21 at 00.08.26\" alt=\"WhatsApp Image 2021-10-21 at 00.08.26\" loading=\"lazy\" \/>\t\t\t\t\t\t\t\t\t\t\t\t\t<\/div>\n\t\t\t\t<\/div>\n\t\t\t\t<div class=\"elementor-element elementor-element-fbd36a7 elementor-widget elementor-widget-text-editor\" data-id=\"fbd36a7\" data-element_type=\"widget\" data-widget_type=\"text-editor.default\">\n\t\t\t\t<div class=\"elementor-widget-container\">\n\t\t\t\t\t\t\t<p style=\"text-align: center;\"><em>Voici exactement notre humeur lorsque nous recevons vos messages. Que ce soit pour donner votre avis, soumettre une id\u00e9e, travailler avec nous&#8230; Ecrivez nous !<\/em><\/p>\t\t\t\t\t\t<\/div>\n\t\t\t\t<\/div>\n\t\t\t\t<section class=\"elementor-section elementor-inner-section elementor-element elementor-element-24ed19b elementor-section-boxed elementor-section-height-default elementor-section-height-default\" data-id=\"24ed19b\" data-element_type=\"section\">\n\t\t\t\t\t\t<div class=\"elementor-container elementor-column-gap-default\">\n\t\t\t\t\t<div class=\"elementor-column elementor-col-50 elementor-inner-column elementor-element elementor-element-c76823d\" data-id=\"c76823d\" data-element_type=\"column\">\n\t\t\t<div class=\"elementor-widget-wrap elementor-element-populated\">\n\t\t\t\t\t\t<div class=\"elementor-element elementor-element-25de657 elementor-widget elementor-widget-text-editor\" data-id=\"25de657\" data-element_type=\"widget\" data-widget_type=\"text-editor.default\">\n\t\t\t\t<div class=\"elementor-widget-container\">\n\t\t\t\t\t\t\t<p style=\"text-align: center;\"><strong style=\"font-size: 14px;\">E-mail :<\/strong><span style=\"font-size: 14px;\"> contact@oneos.fr<\/span><br><\/p>\t\t\t\t\t\t<\/div>\n\t\t\t\t<\/div>\n\t\t\t\t\t<\/div>\n\t\t<\/div>\n\t\t\t\t<div class=\"elementor-column elementor-col-50 elementor-inner-column elementor-element elementor-element-fe7f111\" data-id=\"fe7f111\" data-element_type=\"column\">\n\t\t\t<div class=\"elementor-widget-wrap elementor-element-populated\">\n\t\t\t\t\t\t<div class=\"elementor-element elementor-element-0ab08df elementor-widget elementor-widget-text-editor\" data-id=\"0ab08df\" data-element_type=\"widget\" data-widget_type=\"text-editor.default\">\n\t\t\t\t<div class=\"elementor-widget-container\">\n\t\t\t\t\t\t\t<p style=\"text-align: center;\"><strong>T\u00e9l\u00e9phone :<\/strong> 07 81 92 31 71<\/p>\t\t\t\t\t\t<\/div>\n\t\t\t\t<\/div>\n\t\t\t\t\t<\/div>\n\t\t<\/div>\n\t\t\t\t\t<\/div>\n\t\t<\/section>\n\t\t\t\t\t<\/div>\n\t\t<\/div>\n\t\t\t\t\t<\/div>\n\t\t<\/section>\n\t\t\t\t<section class=\"elementor-section elementor-top-section elementor-element elementor-element-c467484 elementor-section-boxed elementor-section-height-default elementor-section-height-default\" data-id=\"c467484\" data-element_type=\"section\">\n\t\t\t\t\t\t<div class=\"elementor-container elementor-column-gap-default\">\n\t\t\t\t\t<div class=\"elementor-column elementor-col-100 elementor-top-column elementor-element elementor-element-96e3ab0\" data-id=\"96e3ab0\" data-element_type=\"column\">\n\t\t\t<div class=\"elementor-widget-wrap elementor-element-populated\">\n\t\t\t\t\t\t<div class=\"elementor-element elementor-element-eda42a7 elementor-shape-rounded elementor-grid-0 e-grid-align-center elementor-widget elementor-widget-social-icons\" data-id=\"eda42a7\" data-element_type=\"widget\" data-widget_type=\"social-icons.default\">\n\t\t\t\t<div class=\"elementor-widget-container\">\n\t\t\t\t\t<div class=\"elementor-social-icons-wrapper elementor-grid\">\n\t\t\t\t\t\t\t<span class=\"elementor-grid-item\">\n\t\t\t\t\t<a class=\"elementor-icon elementor-social-icon elementor-social-icon-facebook elementor-repeater-item-d17d738\" href=\"https:\/\/www.facebook.com\/fb.oneos\" target=\"_blank\">\n\t\t\t\t\t\t<span class=\"elementor-screen-only\">Facebook<\/span>\n\t\t\t\t\t\t<i class=\"fab fa-facebook\"><\/i>\t\t\t\t\t<\/a>\n\t\t\t\t<\/span>\n\t\t\t\t\t\t\t<span class=\"elementor-grid-item\">\n\t\t\t\t\t<a class=\"elementor-icon elementor-social-icon elementor-social-icon-envelope elementor-repeater-item-d9e085f\" href=\"http:\/\/contact@oneos.fr\" target=\"_blank\">\n\t\t\t\t\t\t<span class=\"elementor-screen-only\">Envelope<\/span>\n\t\t\t\t\t\t<i class=\"fas fa-envelope\"><\/i>\t\t\t\t\t<\/a>\n\t\t\t\t<\/span>\n\t\t\t\t\t\t\t<span class=\"elementor-grid-item\">\n\t\t\t\t\t<a class=\"elementor-icon elementor-social-icon elementor-social-icon-instagram elementor-repeater-item-95ad248\" href=\"https:\/\/www.instagram.com\/oneos_insta\/\" target=\"_blank\">\n\t\t\t\t\t\t<span class=\"elementor-screen-only\">Instagram<\/span>\n\t\t\t\t\t\t<i class=\"fab fa-instagram\"><\/i>\t\t\t\t\t<\/a>\n\t\t\t\t<\/span>\n\t\t\t\t\t<\/div>\n\t\t\t\t<\/div>\n\t\t\t\t<\/div>\n\t\t\t\t<div class=\"elementor-element elementor-element-06d72ac elementor-widget-divider--separator-type-pattern elementor-widget-divider--no-spacing elementor-widget-divider--view-line elementor-widget elementor-widget-divider\" data-id=\"06d72ac\" data-element_type=\"widget\" data-widget_type=\"divider.default\">\n\t\t\t\t<div class=\"elementor-widget-container\">\n\t\t\t\t\t<div class=\"elementor-divider\" style=\"--divider-pattern-url: url(&quot;data:image\/svg+xml,%3Csvg xmlns=&#039;http:\/\/www.w3.org\/2000\/svg&#039; preserveAspectRatio=&#039;xMidYMid meet&#039; overflow=&#039;visible&#039; height=&#039;100%&#039; viewBox=&#039;0 0 126 26&#039; fill=&#039;black&#039; stroke=&#039;none&#039;%3E%3Cpath d=&#039;M3,10.2c2.6,0,2.6,2,2.6,3.2S4.4,16.5,3,16.5s-3-1.4-3-3.2S0.4,10.2,3,10.2z M18.8,10.2c1.7,0,3.2,1.4,3.2,3.2s-1.4,3.2-3.2,3.2c-1.7,0-3.2-1.4-3.2-3.2S17,10.2,18.8,10.2z M34.6,10.2c1.5,0,2.6,1.4,2.6,3.2s-0.5,3.2-1.9,3.2c-1.5,0-3.4-1.4-3.4-3.2S33.1,10.2,34.6,10.2z M50.5,10.2c1.7,0,3.2,1.4,3.2,3.2s-1.4,3.2-3.2,3.2c-1.7,0-3.3-0.9-3.3-2.6S48.7,10.2,50.5,10.2z M66.2,10.2c1.5,0,3.4,1.4,3.4,3.2s-1.9,3.2-3.4,3.2c-1.5,0-2.6-0.4-2.6-2.1S64.8,10.2,66.2,10.2z M82.2,10.2c1.7,0.8,2.6,1.4,2.6,3.2s-0.1,3.2-1.6,3.2c-1.5,0-3.7-1.4-3.7-3.2S80.5,9.4,82.2,10.2zM98.6,10.2c1.5,0,2.6,0.4,2.6,2.1s-1.2,4.2-2.6,4.2c-1.5,0-3.7-0.4-3.7-2.1S97.1,10.2,98.6,10.2z M113.4,10.2c1.2,0,2.2,0.9,2.2,3.2s-0.1,3.2-1.3,3.2s-3.1-1.4-3.1-3.2S112.2,10.2,113.4,10.2z&#039;\/%3E%3C\/svg%3E&quot;);\">\n\t\t\t<span class=\"elementor-divider-separator\">\n\t\t\t\t\t\t<\/span>\n\t\t<\/div>\n\t\t\t\t<\/div>\n\t\t\t\t<\/div>\n\t\t\t\t\t<\/div>\n\t\t<\/div>\n\t\t\t\t\t<\/div>\n\t\t<\/section>\n\t\t\t\t<section class=\"elementor-section elementor-top-section elementor-element elementor-element-9d4f87d elementor-section-boxed elementor-section-height-default elementor-section-height-default\" data-id=\"9d4f87d\" data-element_type=\"section\">\n\t\t\t\t\t\t<div class=\"elementor-container elementor-column-gap-default\">\n\t\t\t\t\t<div class=\"elementor-column elementor-col-50 elementor-top-column elementor-element elementor-element-765c80d\" data-id=\"765c80d\" data-element_type=\"column\">\n\t\t\t<div class=\"elementor-widget-wrap elementor-element-populated\">\n\t\t\t\t\t\t<div class=\"elementor-element elementor-element-e1ecbe1 elementor-widget elementor-widget-heading\" data-id=\"e1ecbe1\" data-element_type=\"widget\" data-widget_type=\"heading.default\">\n\t\t\t\t<div class=\"elementor-widget-container\">\n\t\t\t<h2 class=\"elementor-heading-title elementor-size-default\">Exemple de collaboration client<\/h2>\t\t<\/div>\n\t\t\t\t<\/div>\n\t\t\t\t<div class=\"elementor-element elementor-element-258ad29 elementor-widget elementor-widget-text-editor\" data-id=\"258ad29\" data-element_type=\"widget\" data-widget_type=\"text-editor.default\">\n\t\t\t\t<div class=\"elementor-widget-container\">\n\t\t\t\t\t\t\t<p style=\"font-variant-caps: normal; font-family: Roboto, sans-serif; font-size: 14px; font-style: normal;\">Sur ce projet, l&#8217;objectif \u00e9tait de <b>cr\u00e9er un espace de partage au coeur du jardi<\/b>n avec une zone ombrag\u00e9e.\u00a0<\/p><p style=\"font-variant-caps: normal; font-family: Roboto, sans-serif; font-size: 14px; font-style: normal;\">Avec d&#8217;anciennes roues de charrue, une solide structure m\u00e9tallique et d&#8217;une roue de v\u00e9lo nous avons donc propos\u00e9 un kiosque permettant de se retrouver autour d&#8217;un tonneau central pour appr\u00e9cier un verre ensemble ou profiter du terrain de p\u00e9tanque d&#8217;\u00e0 c\u00f4t\u00e9, le tout prot\u00e9g\u00e9s du soleil.\u00a0<\/p><p style=\"font-variant-caps: normal; font-family: Roboto, sans-serif; font-size: 14px; font-style: normal;\">Apr\u00e8s une semaine de travail d&#8217;assemblage et de soudure, cette \u00e9l\u00e9gante et r\u00e9sistante structure a vu le jour, pour le plaisir de nos clients d\u00e8s l&#8217;apparition des beaux jours !<\/p>\t\t\t\t\t\t<\/div>\n\t\t\t\t<\/div>\n\t\t\t\t\t<\/div>\n\t\t<\/div>\n\t\t\t\t<div class=\"elementor-column elementor-col-25 elementor-top-column elementor-element elementor-element-2f9c6f0\" data-id=\"2f9c6f0\" data-element_type=\"column\">\n\t\t\t<div class=\"elementor-widget-wrap elementor-element-populated\">\n\t\t\t\t\t\t<div class=\"elementor-element elementor-element-0382f24 elementor-widget elementor-widget-image\" data-id=\"0382f24\" data-element_type=\"widget\" data-widget_type=\"image.default\">\n\t\t\t\t<div class=\"elementor-widget-container\">\n\t\t\t\t\t\t\t\t\t\t<figure class=\"wp-caption\">\n\t\t\t\t\t\t\t\t\t\t<img fetchpriority=\"high\" decoding=\"async\" width=\"768\" height=\"1023\" src=\"https:\/\/i0.wp.com\/oneos.fr\/wp-content\/uploads\/2023\/01\/K3.jpg?fit=768%2C1023&amp;ssl=1\" class=\"attachment-medium_large size-medium_large wp-image-433\" alt=\"m\u00e9tal r\u00e9cup\u00e9r\u00e9, soudure, kiosque, recyclage\" srcset=\"https:\/\/i0.wp.com\/oneos.fr\/wp-content\/uploads\/2023\/01\/K3.jpg?w=1200&amp;ssl=1 1200w, https:\/\/i0.wp.com\/oneos.fr\/wp-content\/uploads\/2023\/01\/K3.jpg?resize=225%2C300&amp;ssl=1 225w, https:\/\/i0.wp.com\/oneos.fr\/wp-content\/uploads\/2023\/01\/K3.jpg?resize=768%2C1023&amp;ssl=1 768w, https:\/\/i0.wp.com\/oneos.fr\/wp-content\/uploads\/2023\/01\/K3.jpg?resize=1153%2C1536&amp;ssl=1 1153w, https:\/\/i0.wp.com\/oneos.fr\/wp-content\/uploads\/2023\/01\/K3.jpg?resize=600%2C800&amp;ssl=1 600w\" sizes=\"(max-width: 768px) 100vw, 768px\" \/>\t\t\t\t\t\t\t\t\t\t\t<figcaption class=\"widget-image-caption wp-caption-text\">Pi\u00e8ces m\u00e9talliques utilis\u00e9es<\/figcaption>\n\t\t\t\t\t\t\t\t\t\t<\/figure>\n\t\t\t\t\t\t\t<\/div>\n\t\t\t\t<\/div>\n\t\t\t\t\t<\/div>\n\t\t<\/div>\n\t\t\t\t<div class=\"elementor-column elementor-col-25 elementor-top-column elementor-element elementor-element-32a6d58\" data-id=\"32a6d58\" data-element_type=\"column\">\n\t\t\t<div class=\"elementor-widget-wrap elementor-element-populated\">\n\t\t\t\t\t\t<div class=\"elementor-element elementor-element-e9b8d2a elementor-widget elementor-widget-image\" data-id=\"e9b8d2a\" data-element_type=\"widget\" data-widget_type=\"image.default\">\n\t\t\t\t<div class=\"elementor-widget-container\">\n\t\t\t\t\t\t\t\t\t\t<figure class=\"wp-caption\">\n\t\t\t\t\t\t\t\t\t\t<img decoding=\"async\" width=\"768\" height=\"1024\" src=\"https:\/\/i0.wp.com\/oneos.fr\/wp-content\/uploads\/2021\/10\/IMG-20210716-WA0008.jpg?fit=768%2C1024&amp;ssl=1\" class=\"attachment-large size-large wp-image-57\" alt=\"Kiosque soud\u00e9, m\u00e9tal recycl\u00e9, fait main\" srcset=\"https:\/\/i0.wp.com\/oneos.fr\/wp-content\/uploads\/2021\/10\/IMG-20210716-WA0008.jpg?w=1200&amp;ssl=1 1200w, https:\/\/i0.wp.com\/oneos.fr\/wp-content\/uploads\/2021\/10\/IMG-20210716-WA0008.jpg?resize=225%2C300&amp;ssl=1 225w, https:\/\/i0.wp.com\/oneos.fr\/wp-content\/uploads\/2021\/10\/IMG-20210716-WA0008.jpg?resize=768%2C1024&amp;ssl=1 768w, https:\/\/i0.wp.com\/oneos.fr\/wp-content\/uploads\/2021\/10\/IMG-20210716-WA0008.jpg?resize=1152%2C1536&amp;ssl=1 1152w, https:\/\/i0.wp.com\/oneos.fr\/wp-content\/uploads\/2021\/10\/IMG-20210716-WA0008.jpg?resize=600%2C800&amp;ssl=1 600w\" sizes=\"(max-width: 768px) 100vw, 768px\" \/>\t\t\t\t\t\t\t\t\t\t\t<figcaption class=\"widget-image-caption wp-caption-text\">Aper\u00e7u du kiosque final<\/figcaption>\n\t\t\t\t\t\t\t\t\t\t<\/figure>\n\t\t\t\t\t\t\t<\/div>\n\t\t\t\t<\/div>\n\t\t\t\t\t<\/div>\n\t\t<\/div>\n\t\t\t\t\t<\/div>\n\t\t<\/section>\n\t\t\t\t<\/div>\n\t\t","protected":false},"excerpt":{"rendered":"<p>Faites-nous part de vos projets de cr\u00e9ation de mobilier, de d\u00e9coration int\u00e9rieure ou ext\u00e9rieure et de r\u00e9novation ici ! Nous vous aiderons \u00e0 trouver la meilleure solution pour vous et pour l&#8217;environnement. Valentin JUDEE &#8211; Fondateur d&#8217;On\u00e9os Voici exactement notre humeur lorsque nous recevons vos messages. Que ce soit pour donner votre avis, soumettre une [&hellip;]<\/p>\n","protected":false},"author":1,"featured_media":0,"parent":0,"menu_order":0,"comment_status":"closed","ping_status":"closed","template":"","meta":{"ocean_post_layout":"","ocean_both_sidebars_style":"","ocean_both_sidebars_content_width":0,"ocean_both_sidebars_sidebars_width":0,"ocean_sidebar":"0","ocean_second_sidebar":"0","ocean_disable_margins":"enable","ocean_add_body_class":"","ocean_shortcode_before_top_bar":"","ocean_shortcode_after_top_bar":"","ocean_shortcode_before_header":"","ocean_shortcode_after_header":"","ocean_has_shortcode":"","ocean_shortcode_after_title":"","ocean_shortcode_before_footer_widgets":"","ocean_shortcode_after_footer_widgets":"","ocean_shortcode_before_footer_bottom":"","ocean_shortcode_after_footer_bottom":"","ocean_display_top_bar":"default","ocean_display_header":"default","ocean_header_style":"","ocean_center_header_left_menu":"0","ocean_custom_header_template":"0","ocean_custom_logo":0,"ocean_custom_retina_logo":0,"ocean_custom_logo_max_width":0,"ocean_custom_logo_tablet_max_width":0,"ocean_custom_logo_mobile_max_width":0,"ocean_custom_logo_max_height":0,"ocean_custom_logo_tablet_max_height":0,"ocean_custom_logo_mobile_max_height":0,"ocean_header_custom_menu":"0","ocean_menu_typo_font_family":"0","ocean_menu_typo_font_subset":"","ocean_menu_typo_font_size":0,"ocean_menu_typo_font_size_tablet":0,"ocean_menu_typo_font_size_mobile":0,"ocean_menu_typo_font_size_unit":"px","ocean_menu_typo_font_weight":"","ocean_menu_typo_font_weight_tablet":"","ocean_menu_typo_font_weight_mobile":"","ocean_menu_typo_transform":"","ocean_menu_typo_transform_tablet":"","ocean_menu_typo_transform_mobile":"","ocean_menu_typo_line_height":0,"ocean_menu_typo_line_height_tablet":0,"ocean_menu_typo_line_height_mobile":0,"ocean_menu_typo_line_height_unit":"","ocean_menu_typo_spacing":0,"ocean_menu_typo_spacing_tablet":0,"ocean_menu_typo_spacing_mobile":0,"ocean_menu_typo_spacing_unit":"","ocean_menu_link_color":"","ocean_menu_link_color_hover":"","ocean_menu_link_color_active":"","ocean_menu_link_background":"","ocean_menu_link_hover_background":"","ocean_menu_link_active_background":"","ocean_menu_social_links_bg":"","ocean_menu_social_hover_links_bg":"","ocean_menu_social_links_color":"","ocean_menu_social_hover_links_color":"","ocean_disable_title":"default","ocean_disable_heading":"default","ocean_post_title":"","ocean_post_subheading":"","ocean_post_title_style":"","ocean_post_title_background_color":"","ocean_post_title_background":0,"ocean_post_title_bg_image_position":"","ocean_post_title_bg_image_attachment":"","ocean_post_title_bg_image_repeat":"","ocean_post_title_bg_image_size":"","ocean_post_title_height":0,"ocean_post_title_bg_overlay":0.5,"ocean_post_title_bg_overlay_color":"","ocean_disable_breadcrumbs":"default","ocean_breadcrumbs_color":"","ocean_breadcrumbs_separator_color":"","ocean_breadcrumbs_links_color":"","ocean_breadcrumbs_links_hover_color":"","ocean_display_footer_widgets":"default","ocean_display_footer_bottom":"default","ocean_custom_footer_template":"0","footnotes":""},"class_list":["post-24","page","type-page","status-publish","hentry","entry","owp-thumbs-layout-horizontal","owp-btn-normal","owp-tabs-layout-horizontal","has-no-thumbnails","has-product-nav"],"yoast_head":"<!-- This site is optimized with the Yoast SEO plugin v23.4 - https:\/\/yoast.com\/wordpress\/plugins\/seo\/ -->\n<title>Contact On\u00e9os - Proposez-nous vos id\u00e9es de cr\u00e9ation de mobilier !<\/title>\n<meta name=\"description\" content=\"Au travers de notre atelier \u00e9co-responsable, nous sommes en mesure de r\u00e9aliser vos projets de cr\u00e9ation de mobilier et de d\u00e9coration.\" \/>\n<meta name=\"robots\" content=\"index, follow, max-snippet:-1, max-image-preview:large, max-video-preview:-1\" \/>\n<link rel=\"canonical\" href=\"https:\/\/oneos.fr\/index.php\/contact\/\" \/>\n<meta property=\"og:locale\" content=\"fr_FR\" \/>\n<meta property=\"og:type\" content=\"article\" \/>\n<meta property=\"og:title\" content=\"Contact On\u00e9os - Proposez-nous vos id\u00e9es de cr\u00e9ation de mobilier !\" \/>\n<meta property=\"og:description\" content=\"Au travers de notre atelier \u00e9co-responsable, nous sommes en mesure de r\u00e9aliser vos projets de cr\u00e9ation de mobilier et de d\u00e9coration.\" \/>\n<meta property=\"og:url\" content=\"https:\/\/oneos.fr\/index.php\/contact\/\" \/>\n<meta property=\"og:site_name\" content=\"On\u00e9os\" \/>\n<meta property=\"article:publisher\" content=\"https:\/\/www.facebook.com\/fb.oneos\" \/>\n<meta property=\"article:modified_time\" content=\"2023-01-15T20:48:39+00:00\" \/>\n<meta property=\"og:image\" content=\"https:\/\/oneos.fr\/wp-content\/uploads\/elementor\/thumbs\/WhatsApp-Image-2021-10-21-at-00.08.26-e1634768316194-pev2roh2gifqrpz5n131mdrwv09xo663cdnhpegxpo.jpeg\" \/>\n<meta name=\"twitter:card\" content=\"summary_large_image\" \/>\n<meta name=\"twitter:label1\" content=\"Dur\u00e9e de lecture estim\u00e9e\" \/>\n\t<meta name=\"twitter:data1\" content=\"2 minutes\" \/>\n<script type=\"application\/ld+json\" class=\"yoast-schema-graph\">{\"@context\":\"https:\/\/schema.org\",\"@graph\":[{\"@type\":\"WebPage\",\"@id\":\"https:\/\/oneos.fr\/index.php\/contact\/\",\"url\":\"https:\/\/oneos.fr\/index.php\/contact\/\",\"name\":\"Contact On\u00e9os - Proposez-nous vos id\u00e9es de cr\u00e9ation de mobilier !\",\"isPartOf\":{\"@id\":\"https:\/\/oneos.fr\/#website\"},\"primaryImageOfPage\":{\"@id\":\"https:\/\/oneos.fr\/index.php\/contact\/#primaryimage\"},\"image\":{\"@id\":\"https:\/\/oneos.fr\/index.php\/contact\/#primaryimage\"},\"thumbnailUrl\":\"https:\/\/oneos.fr\/wp-content\/uploads\/elementor\/thumbs\/WhatsApp-Image-2021-10-21-at-00.08.26-e1634768316194-pev2roh2gifqrpz5n131mdrwv09xo663cdnhpegxpo.jpeg\",\"datePublished\":\"2021-10-13T20:36:48+00:00\",\"dateModified\":\"2023-01-15T20:48:39+00:00\",\"description\":\"Au travers de notre atelier \u00e9co-responsable, nous sommes en mesure de r\u00e9aliser vos projets de cr\u00e9ation de mobilier et de d\u00e9coration.\",\"breadcrumb\":{\"@id\":\"https:\/\/oneos.fr\/index.php\/contact\/#breadcrumb\"},\"inLanguage\":\"fr-FR\",\"potentialAction\":[{\"@type\":\"ReadAction\",\"target\":[\"https:\/\/oneos.fr\/index.php\/contact\/\"]}]},{\"@type\":\"ImageObject\",\"inLanguage\":\"fr-FR\",\"@id\":\"https:\/\/oneos.fr\/index.php\/contact\/#primaryimage\",\"url\":\"https:\/\/oneos.fr\/wp-content\/uploads\/elementor\/thumbs\/WhatsApp-Image-2021-10-21-at-00.08.26-e1634768316194-pev2roh2gifqrpz5n131mdrwv09xo663cdnhpegxpo.jpeg\",\"contentUrl\":\"https:\/\/oneos.fr\/wp-content\/uploads\/elementor\/thumbs\/WhatsApp-Image-2021-10-21-at-00.08.26-e1634768316194-pev2roh2gifqrpz5n131mdrwv09xo663cdnhpegxpo.jpeg\"},{\"@type\":\"BreadcrumbList\",\"@id\":\"https:\/\/oneos.fr\/index.php\/contact\/#breadcrumb\",\"itemListElement\":[{\"@type\":\"ListItem\",\"position\":1,\"name\":\"Accueil\",\"item\":\"https:\/\/oneos.fr\/\"},{\"@type\":\"ListItem\",\"position\":2,\"name\":\"Contact\"}]},{\"@type\":\"WebSite\",\"@id\":\"https:\/\/oneos.fr\/#website\",\"url\":\"https:\/\/oneos.fr\/\",\"name\":\"On\u00e9os\",\"description\":\"\",\"potentialAction\":[{\"@type\":\"SearchAction\",\"target\":{\"@type\":\"EntryPoint\",\"urlTemplate\":\"https:\/\/oneos.fr\/?s={search_term_string}\"},\"query-input\":{\"@type\":\"PropertyValueSpecification\",\"valueRequired\":true,\"valueName\":\"search_term_string\"}}],\"inLanguage\":\"fr-FR\"}]}<\/script>\n<!-- \/ Yoast SEO plugin. -->","yoast_head_json":{"title":"Contact On\u00e9os - Proposez-nous vos id\u00e9es de cr\u00e9ation de mobilier !","description":"Au travers de notre atelier \u00e9co-responsable, nous sommes en mesure de r\u00e9aliser vos projets de cr\u00e9ation de mobilier et de d\u00e9coration.","robots":{"index":"index","follow":"follow","max-snippet":"max-snippet:-1","max-image-preview":"max-image-preview:large","max-video-preview":"max-video-preview:-1"},"canonical":"https:\/\/oneos.fr\/index.php\/contact\/","og_locale":"fr_FR","og_type":"article","og_title":"Contact On\u00e9os - Proposez-nous vos id\u00e9es de cr\u00e9ation de mobilier !","og_description":"Au travers de notre atelier \u00e9co-responsable, nous sommes en mesure de r\u00e9aliser vos projets de cr\u00e9ation de mobilier et de d\u00e9coration.","og_url":"https:\/\/oneos.fr\/index.php\/contact\/","og_site_name":"On\u00e9os","article_publisher":"https:\/\/www.facebook.com\/fb.oneos","article_modified_time":"2023-01-15T20:48:39+00:00","og_image":[{"url":"https:\/\/oneos.fr\/wp-content\/uploads\/elementor\/thumbs\/WhatsApp-Image-2021-10-21-at-00.08.26-e1634768316194-pev2roh2gifqrpz5n131mdrwv09xo663cdnhpegxpo.jpeg"}],"twitter_card":"summary_large_image","twitter_misc":{"Dur\u00e9e de lecture estim\u00e9e":"2 minutes"},"schema":{"@context":"https:\/\/schema.org","@graph":[{"@type":"WebPage","@id":"https:\/\/oneos.fr\/index.php\/contact\/","url":"https:\/\/oneos.fr\/index.php\/contact\/","name":"Contact On\u00e9os - Proposez-nous vos id\u00e9es de cr\u00e9ation de mobilier !","isPartOf":{"@id":"https:\/\/oneos.fr\/#website"},"primaryImageOfPage":{"@id":"https:\/\/oneos.fr\/index.php\/contact\/#primaryimage"},"image":{"@id":"https:\/\/oneos.fr\/index.php\/contact\/#primaryimage"},"thumbnailUrl":"https:\/\/oneos.fr\/wp-content\/uploads\/elementor\/thumbs\/WhatsApp-Image-2021-10-21-at-00.08.26-e1634768316194-pev2roh2gifqrpz5n131mdrwv09xo663cdnhpegxpo.jpeg","datePublished":"2021-10-13T20:36:48+00:00","dateModified":"2023-01-15T20:48:39+00:00","description":"Au travers de notre atelier \u00e9co-responsable, nous sommes en mesure de r\u00e9aliser vos projets de cr\u00e9ation de mobilier et de d\u00e9coration.","breadcrumb":{"@id":"https:\/\/oneos.fr\/index.php\/contact\/#breadcrumb"},"inLanguage":"fr-FR","potentialAction":[{"@type":"ReadAction","target":["https:\/\/oneos.fr\/index.php\/contact\/"]}]},{"@type":"ImageObject","inLanguage":"fr-FR","@id":"https:\/\/oneos.fr\/index.php\/contact\/#primaryimage","url":"https:\/\/oneos.fr\/wp-content\/uploads\/elementor\/thumbs\/WhatsApp-Image-2021-10-21-at-00.08.26-e1634768316194-pev2roh2gifqrpz5n131mdrwv09xo663cdnhpegxpo.jpeg","contentUrl":"https:\/\/oneos.fr\/wp-content\/uploads\/elementor\/thumbs\/WhatsApp-Image-2021-10-21-at-00.08.26-e1634768316194-pev2roh2gifqrpz5n131mdrwv09xo663cdnhpegxpo.jpeg"},{"@type":"BreadcrumbList","@id":"https:\/\/oneos.fr\/index.php\/contact\/#breadcrumb","itemListElement":[{"@type":"ListItem","position":1,"name":"Accueil","item":"https:\/\/oneos.fr\/"},{"@type":"ListItem","position":2,"name":"Contact"}]},{"@type":"WebSite","@id":"https:\/\/oneos.fr\/#website","url":"https:\/\/oneos.fr\/","name":"On\u00e9os","description":"","potentialAction":[{"@type":"SearchAction","target":{"@type":"EntryPoint","urlTemplate":"https:\/\/oneos.fr\/?s={search_term_string}"},"query-input":{"@type":"PropertyValueSpecification","valueRequired":true,"valueName":"search_term_string"}}],"inLanguage":"fr-FR"}]}},"jetpack-related-posts":[],"jetpack_sharing_enabled":true,"_links":{"self":[{"href":"https:\/\/oneos.fr\/index.php\/wp-json\/wp\/v2\/pages\/24"}],"collection":[{"href":"https:\/\/oneos.fr\/index.php\/wp-json\/wp\/v2\/pages"}],"about":[{"href":"https:\/\/oneos.fr\/index.php\/wp-json\/wp\/v2\/types\/page"}],"author":[{"embeddable":true,"href":"https:\/\/oneos.fr\/index.php\/wp-json\/wp\/v2\/users\/1"}],"replies":[{"embeddable":true,"href":"https:\/\/oneos.fr\/index.php\/wp-json\/wp\/v2\/comments?post=24"}],"version-history":[{"count":32,"href":"https:\/\/oneos.fr\/index.php\/wp-json\/wp\/v2\/pages\/24\/revisions"}],"predecessor-version":[{"id":440,"href":"https:\/\/oneos.fr\/index.php\/wp-json\/wp\/v2\/pages\/24\/revisions\/440"}],"wp:attachment":[{"href":"https:\/\/oneos.fr\/index.php\/wp-json\/wp\/v2\/media?parent=24"}],"curies":[{"name":"wp","href":"https:\/\/api.w.org\/{rel}","templated":true}]}}